{"id":1497,"date":"2022-10-02T12:53:57","date_gmt":"2022-10-02T12:53:57","guid":{"rendered":"https:\/\/weknowhow.uk\/polityka-prywatnosci\/"},"modified":"2026-03-19T16:40:08","modified_gmt":"2026-03-19T16:40:08","slug":"polityka-prywatnosci","status":"publish","type":"page","link":"https:\/\/weknowhow.uk\/pl\/polityka-prywatnosci\/","title":{"rendered":"Polityka prywatno\u015bci"},"content":{"rendered":"<p>[et_pb_section fb_built=&#8221;1&#8243; next_background_color=&#8221;#ffffff&#8221; admin_label=&#8221;Hero&#8221; _builder_version=&#8221;4.27.4&#8243; background_enable_color=&#8221;off&#8221; use_background_color_gradient=&#8221;on&#8221; background_color_gradient_direction=&#8221;160deg&#8221; background_color_gradient_stops=&#8221;rgba(57,58,67,0.7) 1%|rgba(57,58,67,0.53) 100%&#8221; background_color_gradient_overlays_image=&#8221;on&#8221; background_color_gradient_start=&#8221;#003bde&#8221; background_color_gradient_end=&#8221;#58d0ff&#8221; background_image=&#8221;https:\/\/weknowhow.uk\/wp-content\/uploads\/2023\/03\/life-raft.jpg&#8221; custom_padding=&#8221;100px||100px||true|&#8221; bottom_divider_style=&#8221;ramp2&#8243; bottom_divider_height=&#8221;20%&#8221; bottom_divider_height_tablet=&#8221;&#8221; bottom_divider_height_phone=&#8221;&#8221; bottom_divider_height_last_edited=&#8221;on|phone&#8221; global_colors_info=&#8221;{}&#8221;][et_pb_row _builder_version=&#8221;4.20.2&#8243; custom_padding=&#8221;90px||63px|||&#8221; global_colors_info=&#8221;{}&#8221;][et_pb_column type=&#8221;4_4&#8243; _builder_version=&#8221;4.16&#8243; custom_padding=&#8221;|||&#8221; global_colors_info=&#8221;{}&#8221; custom_padding__hover=&#8221;|||&#8221;][et_pb_text _builder_version=&#8221;4.27.6&#8243; _module_preset=&#8221;default&#8221; header_font=&#8221;|700|||||||&#8221; header_text_align=&#8221;center&#8221; header_text_color=&#8221;#FFFFFF&#8221; header_font_size=&#8221;40px&#8221; hover_enabled=&#8221;0&#8243; global_colors_info=&#8221;{}&#8221; sticky_enabled=&#8221;0&#8243;]<\/p>\n<h1>Polityka prywatno\u015bci<\/h1>\n<p>[\/et_pb_text][\/et_pb_column][\/et_pb_row][\/et_pb_section][et_pb_section fb_built=&#8221;1&#8243; admin_label=&#8221;About Us&#8221; _builder_version=&#8221;4.20.2&#8243; custom_padding=&#8221;60px||60px||true|false&#8221; global_colors_info=&#8221;{}&#8221;][et_pb_row _builder_version=&#8221;4.20.2&#8243; _module_preset=&#8221;default&#8221; global_colors_info=&#8221;{}&#8221;][et_pb_column type=&#8221;4_4&#8243; _builder_version=&#8221;4.19.0&#8243; _module_preset=&#8221;default&#8221; global_colors_info=&#8221;{}&#8221;][et_pb_text _builder_version=&#8221;4.27.6&#8243; text_font=&#8221;|300|||||||&#8221; text_line_height=&#8221;1.8em&#8221; header_font=&#8221;||||||||&#8221; header_2_font=&#8221;||||||||&#8221; header_3_font=&#8221;||||||||&#8221; header_3_font_size=&#8221;24px&#8221; header_3_line_height=&#8221;1.4em&#8221; header_4_font=&#8221;||||||||&#8221; header_4_line_height=&#8221;1.4em&#8221; hover_enabled=&#8221;0&#8243; header_2_font_size_tablet=&#8221;30px&#8221; header_2_font_size_phone=&#8221;24px&#8221; header_2_font_size_last_edited=&#8221;off|desktop&#8221; header_3_font_size_tablet=&#8221;30px&#8221; header_3_font_size_phone=&#8221;24px&#8221; header_3_font_size_last_edited=&#8221;off|desktop&#8221; locked=&#8221;off&#8221; global_colors_info=&#8221;{}&#8221; sticky_enabled=&#8221;0&#8243;]<\/p>\n<p>&nbsp;<\/p>\n<h2>Kim jeste\u015bmy<\/h2>\n<p>Adres naszej strony internetowej to: <a href=\"https:\/\/weknowhow.uk\/pl\/\">weknowhow.uk.<\/a><\/p>\n<p>&nbsp;<\/p>\n<h2>Komentarze<\/h2>\n<p>Gdy odwiedzaj\u0105cy zostawiaj\u0105 komentarze na stronie, zbieramy dane wy\u015bwietlane w formularzu komentarzy, a tak\u017ce adres IP odwiedzaj\u0105cego i ci\u0105g agenta u\u017cytkownika przegl\u0105darki, aby pom\u00f3c w wykrywaniu spamu.<\/p>\n<p>Zanonimizowany ci\u0105g znak\u00f3w utworzony z adresu e-mail u\u017cytkownika (zwany r\u00f3wnie\u017c skr\u00f3tem) mo\u017ce zosta\u0107 przekazany do us\u0142ugi Gravatar w celu sprawdzenia, czy u\u017cytkownik z niej korzysta. Polityka prywatno\u015bci us\u0142ugi Gravatar jest dost\u0119pna tutaj: https:\/\/automattic.com\/privacy\/. Po zatwierdzeniu komentarza zdj\u0119cie profilowe jest widoczne publicznie w kontek\u015bcie komentarza. <\/p>\n<p>&nbsp;<\/p>\n<h2>Media<\/h2>\n<p>W przypadku przesy\u0142ania obraz\u00f3w do witryny nale\u017cy unika\u0107 przesy\u0142ania obraz\u00f3w z osadzonymi danymi lokalizacji (EXIF GPS). Odwiedzaj\u0105cy witryn\u0119 mog\u0105 pobiera\u0107 i wyodr\u0119bnia\u0107 wszelkie dane dotycz\u0105ce lokalizacji z obraz\u00f3w w witrynie. <\/p>\n<p>&nbsp;<\/p>\n<h2>Pliki cookie<\/h2>\n<p>Je\u015bli zostawisz komentarz na naszej stronie, mo\u017cesz wyrazi\u0107 zgod\u0119 na zapisanie swojego imienia i nazwiska, adresu e-mail i strony internetowej w plikach cookie. S\u0105 one przeznaczone dla wygody u\u017cytkownika, dzi\u0119ki czemu nie musi on ponownie wpisywa\u0107 swoich danych, gdy zostawia kolejny komentarz. Te pliki cookie b\u0119d\u0105 przechowywane przez rok.  <\/p>\n<p>Je\u015bli edytujesz lub publikujesz artyku\u0142, w Twojej przegl\u0105darce zostanie zapisany dodatkowy plik cookie. Ten plik cookie nie zawiera \u017cadnych danych osobowych i po prostu wskazuje identyfikator posta artyku\u0142u, kt\u00f3ry w\u0142a\u015bnie edytowa\u0142e\u015b. Wygasa on po 1 dniu.  <\/p>\n<p>&nbsp;<\/p>\n<h2>Osadzona zawarto\u015b\u0107 z innych stron internetowych<\/h2>\n<p>Artyku\u0142y na tej stronie mog\u0105 zawiera\u0107 osadzone tre\u015bci (np. filmy, obrazy, artyku\u0142y itp.). Osadzone tre\u015bci z innych witryn zachowuj\u0105 si\u0119 dok\u0142adnie tak samo, jak gdyby u\u017cytkownik odwiedzi\u0142 inn\u0105 witryn\u0119. <\/p>\n<p>Witryny te mog\u0105 gromadzi\u0107 dane o u\u017cytkowniku, u\u017cywa\u0107 plik\u00f3w cookie, osadza\u0107 dodatkowe \u015bledzenie stron trzecich i monitorowa\u0107 interakcj\u0119 u\u017cytkownika z osadzon\u0105 zawarto\u015bci\u0105, w tym \u015bledzi\u0107 interakcj\u0119 u\u017cytkownika z osadzon\u0105 zawarto\u015bci\u0105, je\u015bli u\u017cytkownik ma konto i jest zalogowany w tej witrynie.<\/p>\n<p>&nbsp;<\/p>\n<h2>Jak d\u0142ugo przechowujemy dane u\u017cytkownika<\/h2>\n<p>Je\u015bli zostawisz komentarz, komentarz i jego metadane zostan\u0105 zachowane na czas nieokre\u015blony. Dzi\u0119ki temu mo\u017cemy automatycznie rozpoznawa\u0107 i zatwierdza\u0107 kolejne komentarze, zamiast trzyma\u0107 je w kolejce moderacji. <\/p>\n<p>W przypadku u\u017cytkownik\u00f3w, kt\u00f3rzy zarejestruj\u0105 si\u0119 na naszej stronie internetowej (je\u015bli istniej\u0105), przechowujemy r\u00f3wnie\u017c dane osobowe, kt\u00f3re podaj\u0105 w swoim profilu u\u017cytkownika. Wszyscy u\u017cytkownicy mog\u0105 przegl\u0105da\u0107, edytowa\u0107 lub usuwa\u0107 swoje dane osobowe w dowolnym momencie (z wyj\u0105tkiem tego, \u017ce nie mog\u0105 zmieni\u0107 swojej nazwy u\u017cytkownika). Administratorzy strony r\u00f3wnie\u017c mog\u0105 przegl\u0105da\u0107 i edytowa\u0107 te informacje.  <\/p>\n<p>&nbsp;<\/p>\n<h2>Jakie prawa przys\u0142uguj\u0105 u\u017cytkownikowi w odniesieniu do jego danych<\/h2>\n<p>Je\u015bli masz konto na tej stronie lub zostawi\u0142e\u015b komentarze, mo\u017cesz poprosi\u0107 o otrzymanie wyeksportowanego pliku danych osobowych, kt\u00f3re przechowujemy na Tw\u00f3j temat, w tym wszelkich danych, kt\u00f3re nam przekaza\u0142e\u015b. U\u017cytkownik mo\u017ce r\u00f3wnie\u017c za\u017c\u0105da\u0107 usuni\u0119cia wszelkich przechowywanych przez nas jego danych osobowych. Nie obejmuje to \u017cadnych danych, kt\u00f3re jeste\u015bmy zobowi\u0105zani przechowywa\u0107 do cel\u00f3w administracyjnych, prawnych lub bezpiecze\u0144stwa.  <\/p>\n<p>&nbsp;<\/p>\n<h2>Gdzie przesy\u0142ane s\u0105 dane u\u017cytkownika<\/h2>\n<p>Komentarze odwiedzaj\u0105cych mog\u0105 by\u0107 sprawdzane przez automatyczn\u0105 us\u0142ug\u0119 wykrywania spamu.<\/p>\n<p>&nbsp;<\/p>\n<p>[\/et_pb_text][\/et_pb_column][\/et_pb_row][\/et_pb_section][et_pb_section fb_built=&#8221;1&#8243; prev_background_color=&#8221;#ffffff&#8221; admin_label=&#8221;Contact&#8221; _builder_version=&#8221;4.20.2&#8243; background_color=&#8221;#012780&#8243; use_background_color_gradient=&#8221;on&#8221; background_color_gradient_stops=&#8221;#012780 0%|rgba(1,39,128,0) 60%&#8221; background_color_gradient_overlays_image=&#8221;on&#8221; background_color_gradient_start=&#8221;#012780&#8243; background_color_gradient_end=&#8221;rgba(1,39,128,0)&#8221; background_color_gradient_end_position=&#8221;60%&#8221; background_image=&#8221;https:\/\/forweston.co.uk\/wp-content\/uploads\/2022\/10\/insurance-01.png&#8221; background_size=&#8221;initial&#8221; custom_padding=&#8221;54px|3px|120px|0px|false|false&#8221; top_divider_style=&#8221;arrow3&#8243; global_colors_info=&#8221;{}&#8221;][et_pb_row _builder_version=&#8221;4.16&#8243; background_color=&#8221;#ffffff&#8221; custom_margin=&#8221;80px|auto||auto||&#8221; custom_padding=&#8221;80px|6%|80px|6%|true|true&#8221; animation_style=&#8221;zoom&#8221; animation_intensity_zoom=&#8221;-5%&#8221; animation_speed_curve=&#8221;ease-in&#8221; border_radii=&#8221;on|10px|10px|10px|10px&#8221; box_shadow_style=&#8221;preset1&#8243; box_shadow_vertical=&#8221;40px&#8221; box_shadow_blur=&#8221;80px&#8221; box_shadow_color=&#8221;rgba(55,104,238,0.15)&#8221; global_colors_info=&#8221;{}&#8221;][et_pb_column type=&#8221;4_4&#8243; _builder_version=&#8221;4.16&#8243; custom_padding=&#8221;|||&#8221; global_colors_info=&#8221;{}&#8221; custom_padding__hover=&#8221;|||&#8221;][et_pb_text _builder_version=&#8221;4.27.6&#8243; text_font=&#8221;Montserrat|300|||||||&#8221; text_font_size=&#8221;16px&#8221; text_line_height=&#8221;2em&#8221; header_font=&#8221;||||||||&#8221; header_2_font=&#8221;||||||||&#8221; header_2_font_size=&#8221;36px&#8221; header_2_line_height=&#8221;1.4em&#8221; text_orientation=&#8221;center&#8221; max_width=&#8221;700px&#8221; module_alignment=&#8221;center&#8221; custom_margin=&#8221;||60px|&#8221; hover_enabled=&#8221;0&#8243; header_2_font_size_tablet=&#8221;30px&#8221; header_2_font_size_phone=&#8221;24px&#8221; header_2_font_size_last_edited=&#8221;on|phone&#8221; locked=&#8221;off&#8221; global_colors_info=&#8221;{}&#8221; sticky_enabled=&#8221;0&#8243;]<\/p>\n<h2>Skontaktuj Si\u0119 z Nami<\/h2>\n<p>[\/et_pb_text][et_pb_contact_form email=&#8221;weknowhowteam@gmail.com&#8221; custom_message=&#8221;Forweston||et_pb_line_break_holder||Message From :||et_pb_line_break_holder||Name: %%Name%%||et_pb_line_break_holder||Email: %%Email%%||et_pb_line_break_holder||Mob.: %%Phone%%||et_pb_line_break_holder||||et_pb_line_break_holder||Message: %%Message%%&#8221; success_message=&#8221;Wiadomo\u015b\u0107 wys\u0142ana pomy\u015blnie! Dzi\u0119kujemy za skontaktowanie si\u0119 z nami. &#8221; submit_button_text=&#8221;Wy\u015blij&#8221; module_id=&#8221;et_pb_contact_form_0&#8243; _builder_version=&#8221;4.27.6&#8243; form_field_background_color=&#8221;rgba(0,0,0,0)&#8221; form_field_font=&#8221;||||||||&#8221; custom_button=&#8221;on&#8221; button_text_size=&#8221;14px&#8221; button_text_color=&#8221;#ffffff&#8221; button_bg_color=&#8221;#003bde&#8221; button_border_width=&#8221;10px&#8221; button_border_color=&#8221;rgba(0,0,0,0)&#8221; button_border_radius=&#8221;4px&#8221; button_letter_spacing=&#8221;1px&#8221; button_font=&#8221;|||on|||||&#8221; hover_enabled=&#8221;0&#8243; border_radii=&#8221;on|6px|6px|6px|6px&#8221; border_width_all=&#8221;2px&#8221; border_color_all=&#8221;rgba(51,51,51,0.06)&#8221; form_background_color=&#8221;rgba(0,0,0,0)&#8221; global_colors_info=&#8221;{}&#8221; sticky_enabled=&#8221;0&#8243;][et_pb_contact_field field_id=&#8221;Name&#8221; field_title=&#8221;Imi\u0119&#8221; _builder_version=&#8221;4.16&#8243; global_colors_info=&#8221;{}&#8221; button_text_size__hover_enabled=&#8221;off&#8221; button_one_text_size__hover_enabled=&#8221;off&#8221; button_two_text_size__hover_enabled=&#8221;off&#8221; button_text_color__hover_enabled=&#8221;off&#8221; button_one_text_color__hover_enabled=&#8221;off&#8221; button_two_text_color__hover_enabled=&#8221;off&#8221; button_border_width__hover_enabled=&#8221;off&#8221; button_one_border_width__hover_enabled=&#8221;off&#8221; button_two_border_width__hover_enabled=&#8221;off&#8221; button_border_color__hover_enabled=&#8221;off&#8221; button_one_border_color__hover_enabled=&#8221;off&#8221; button_two_border_color__hover_enabled=&#8221;off&#8221; button_border_radius__hover_enabled=&#8221;off&#8221; button_one_border_radius__hover_enabled=&#8221;off&#8221; button_two_border_radius__hover_enabled=&#8221;off&#8221; button_letter_spacing__hover_enabled=&#8221;off&#8221; button_one_letter_spacing__hover_enabled=&#8221;off&#8221; button_two_letter_spacing__hover_enabled=&#8221;off&#8221; button_bg_color__hover_enabled=&#8221;off&#8221; button_one_bg_color__hover_enabled=&#8221;off&#8221; button_two_bg_color__hover_enabled=&#8221;off&#8221;][\/et_pb_contact_field][et_pb_contact_field field_id=&#8221;Email&#8221; field_title=&#8221;Adres e-mail&#8221; field_type=&#8221;email&#8221; _builder_version=&#8221;4.16&#8243; global_colors_info=&#8221;{}&#8221; button_text_size__hover_enabled=&#8221;off&#8221; button_one_text_size__hover_enabled=&#8221;off&#8221; button_two_text_size__hover_enabled=&#8221;off&#8221; button_text_color__hover_enabled=&#8221;off&#8221; button_one_text_color__hover_enabled=&#8221;off&#8221; button_two_text_color__hover_enabled=&#8221;off&#8221; button_border_width__hover_enabled=&#8221;off&#8221; button_one_border_width__hover_enabled=&#8221;off&#8221; button_two_border_width__hover_enabled=&#8221;off&#8221; button_border_color__hover_enabled=&#8221;off&#8221; button_one_border_color__hover_enabled=&#8221;off&#8221; button_two_border_color__hover_enabled=&#8221;off&#8221; button_border_radius__hover_enabled=&#8221;off&#8221; button_one_border_radius__hover_enabled=&#8221;off&#8221; button_two_border_radius__hover_enabled=&#8221;off&#8221; button_letter_spacing__hover_enabled=&#8221;off&#8221; button_one_letter_spacing__hover_enabled=&#8221;off&#8221; button_two_letter_spacing__hover_enabled=&#8221;off&#8221; button_bg_color__hover_enabled=&#8221;off&#8221; button_one_bg_color__hover_enabled=&#8221;off&#8221; button_two_bg_color__hover_enabled=&#8221;off&#8221;][\/et_pb_contact_field][et_pb_contact_field field_id=&#8221;Phone&#8221; field_title=&#8221;Numer telefonu&#8221; fullwidth_field=&#8221;on&#8221; _builder_version=&#8221;4.20.2&#8243; _module_preset=&#8221;default&#8221; global_colors_info=&#8221;{}&#8221;][\/et_pb_contact_field][et_pb_contact_field field_id=&#8221;Message&#8221; field_title=&#8221;Wiadomo\u015b\u0107&#8221; field_type=&#8221;text&#8221; fullwidth_field=&#8221;on&#8221; _builder_version=&#8221;4.16&#8243; global_colors_info=&#8221;{}&#8221; button_text_size__hover_enabled=&#8221;off&#8221; button_one_text_size__hover_enabled=&#8221;off&#8221; button_two_text_size__hover_enabled=&#8221;off&#8221; button_text_color__hover_enabled=&#8221;off&#8221; button_one_text_color__hover_enabled=&#8221;off&#8221; button_two_text_color__hover_enabled=&#8221;off&#8221; button_border_width__hover_enabled=&#8221;off&#8221; button_one_border_width__hover_enabled=&#8221;off&#8221; button_two_border_width__hover_enabled=&#8221;off&#8221; button_border_color__hover_enabled=&#8221;off&#8221; button_one_border_color__hover_enabled=&#8221;off&#8221; button_two_border_color__hover_enabled=&#8221;off&#8221; button_border_radius__hover_enabled=&#8221;off&#8221; button_one_border_radius__hover_enabled=&#8221;off&#8221; button_two_border_radius__hover_enabled=&#8221;off&#8221; button_letter_spacing__hover_enabled=&#8221;off&#8221; button_one_letter_spacing__hover_enabled=&#8221;off&#8221; button_two_letter_spacing__hover_enabled=&#8221;off&#8221; button_bg_color__hover_enabled=&#8221;off&#8221; button_one_bg_color__hover_enabled=&#8221;off&#8221; button_two_bg_color__hover_enabled=&#8221;off&#8221;][\/et_pb_contact_field][\/et_pb_contact_form][\/et_pb_column][\/et_pb_row][\/et_pb_section]<\/p>\n","protected":false},"excerpt":{"rendered":"<p>Polityka prywatno\u015bci&nbsp; Kim jeste\u015bmy Adres naszej strony internetowej to: weknowhow.uk. &nbsp; Komentarze Gdy odwiedzaj\u0105cy zostawiaj\u0105 komentarze na stronie, zbieramy dane wy\u015bwietlane w formularzu komentarzy, a tak\u017ce adres IP odwiedzaj\u0105cego i ci\u0105g agenta u\u017cytkownika przegl\u0105darki, aby pom\u00f3c w wykrywaniu spamu. Zanonimizowany ci\u0105g znak\u00f3w utworzony z adresu e-mail u\u017cytkownika (zwany r\u00f3wnie\u017c skr\u00f3tem) mo\u017ce zosta\u0107 przekazany do us\u0142ugi [&hellip;]<\/p>\n","protected":false},"author":1,"featured_media":0,"parent":0,"menu_order":0,"comment_status":"closed","ping_status":"open","template":"","meta":{"_et_pb_use_builder":"on","_et_pb_old_content":"","_et_gb_content_width":"","footnotes":""},"class_list":["post-1497","page","type-page","status-publish","hentry"],"_links":{"self":[{"href":"https:\/\/weknowhow.uk\/pl\/wp-json\/wp\/v2\/pages\/1497","targetHints":{"allow":["GET"]}}],"collection":[{"href":"https:\/\/weknowhow.uk\/pl\/wp-json\/wp\/v2\/pages"}],"about":[{"href":"https:\/\/weknowhow.uk\/pl\/wp-json\/wp\/v2\/types\/page"}],"author":[{"embeddable":true,"href":"https:\/\/weknowhow.uk\/pl\/wp-json\/wp\/v2\/users\/1"}],"replies":[{"embeddable":true,"href":"https:\/\/weknowhow.uk\/pl\/wp-json\/wp\/v2\/comments?post=1497"}],"version-history":[{"count":2,"href":"https:\/\/weknowhow.uk\/pl\/wp-json\/wp\/v2\/pages\/1497\/revisions"}],"predecessor-version":[{"id":1753,"href":"https:\/\/weknowhow.uk\/pl\/wp-json\/wp\/v2\/pages\/1497\/revisions\/1753"}],"wp:attachment":[{"href":"https:\/\/weknowhow.uk\/pl\/wp-json\/wp\/v2\/media?parent=1497"}],"curies":[{"name":"wp","href":"https:\/\/api.w.org\/{rel}","templated":true}]}}