{"id":1459,"date":"2022-11-06T16:50:37","date_gmt":"2022-11-06T16:50:37","guid":{"rendered":"https:\/\/weknowhow.uk\/ochrona\/"},"modified":"2026-03-19T16:19:12","modified_gmt":"2026-03-19T16:19:12","slug":"ochrona","status":"publish","type":"page","link":"https:\/\/weknowhow.uk\/pl\/ochrona\/","title":{"rendered":"Ubezpieczenia"},"content":{"rendered":"<p>[et_pb_section fb_built=&#8221;1&#8243; custom_padding_last_edited=&#8221;on|tablet&#8221; admin_label=&#8221;Hero&#8221; _builder_version=&#8221;4.27.4&#8243; background_enable_color=&#8221;off&#8221; use_background_color_gradient=&#8221;on&#8221; background_color_gradient_direction=&#8221;160deg&#8221; background_color_gradient_stops=&#8221;rgba(57,58,67,0.7) 1%|rgba(57,58,67,0.53) 100%&#8221; background_color_gradient_overlays_image=&#8221;on&#8221; background_color_gradient_start=&#8221;#003bde&#8221; background_color_gradient_end=&#8221;#58d0ff&#8221; background_image=&#8221;https:\/\/weknowhow.uk\/wp-content\/uploads\/2023\/03\/shaking-hands.jpg&#8221; custom_padding=&#8221;200px|0px|200px|0px|true|false&#8221; custom_padding_tablet=&#8221;120px||120px||true|false&#8221; custom_padding_phone=&#8221;70px||70px|0px|true|false&#8221; bottom_divider_style=&#8221;asymmetric3&#8243; bottom_divider_color=&#8221;#ffffff&#8221; global_colors_info=&#8221;{}&#8221;][et_pb_row custom_padding_last_edited=&#8221;on|tablet&#8221; _builder_version=&#8221;4.20.2&#8243; _module_preset=&#8221;default&#8221; custom_padding=&#8221;40px||40px||true|false&#8221; custom_padding_tablet=&#8221;40px||40px||true|false&#8221; custom_padding_phone=&#8221;40px||40px||true|false&#8221; global_colors_info=&#8221;{}&#8221;][et_pb_column type=&#8221;4_4&#8243; _builder_version=&#8221;4.20.2&#8243; _module_preset=&#8221;default&#8221; global_colors_info=&#8221;{}&#8221;][\/et_pb_column][\/et_pb_row][\/et_pb_section][et_pb_section fb_built=&#8221;1&#8243; admin_label=&#8221;Policies&#8221; _builder_version=&#8221;4.16&#8243; background_color=&#8221;rgba(255,255,255,0)&#8221; custom_padding=&#8221;0|0px|58px|0px|false|false&#8221; global_colors_info=&#8221;{}&#8221;][et_pb_row column_structure=&#8221;1_3,1_3,1_3&#8243; _builder_version=&#8221;4.16&#8243; custom_margin=&#8221;-80px|||&#8221; custom_margin_tablet=&#8221;&#8221; custom_margin_phone=&#8221;&#8221; custom_margin_last_edited=&#8221;on|tablet&#8221; custom_padding=&#8221;0|0px|27px|0px|false|false&#8221; global_colors_info=&#8221;{}&#8221;][et_pb_column type=&#8221;1_3&#8243; _builder_version=&#8221;4.16&#8243; custom_padding=&#8221;|||&#8221; global_colors_info=&#8221;{}&#8221; custom_padding__hover=&#8221;|||&#8221;][et_pb_blurb title=&#8221;Strona g\u0142\u00f3wna&#8221; use_icon=&#8221;on&#8221; font_icon=&#8221;&#xe074;||divi||400&#8243; icon_color=&#8221;#2D3D8A&#8221; _builder_version=&#8221;4.20.2&#8243; _module_preset=&#8221;f8f650a5-1d35-4863-9000-9097889064a8&#8243; hover_enabled=&#8221;0&#8243; global_colors_info=&#8221;{}&#8221; sticky_enabled=&#8221;0&#8243;][\/et_pb_blurb][\/et_pb_column][et_pb_column type=&#8221;1_3&#8243; _builder_version=&#8221;4.16&#8243; custom_padding=&#8221;|||&#8221; global_colors_info=&#8221;{}&#8221; custom_padding__hover=&#8221;|||&#8221;][et_pb_blurb title=&#8221;Powa\u017cne zachorowania&#8221; use_icon=&#8221;on&#8221; font_icon=&#8221;&#xf487;||fa||900&#8243; icon_color=&#8221;#2D3D8A&#8221; _builder_version=&#8221;4.20.2&#8243; _module_preset=&#8221;f8f650a5-1d35-4863-9000-9097889064a8&#8243; locked=&#8221;off&#8221; global_colors_info=&#8221;{}&#8221;][\/et_pb_blurb][\/et_pb_column][et_pb_column type=&#8221;1_3&#8243; _builder_version=&#8221;4.16&#8243; custom_padding=&#8221;|||&#8221; global_colors_info=&#8221;{}&#8221; custom_padding__hover=&#8221;|||&#8221;][et_pb_blurb title=&#8221;Ubezpieczenie na \u017cycie&#8221; use_icon=&#8221;on&#8221; font_icon=&#8221;&#xf21e;||fa||900&#8243; icon_color=&#8221;#2D3D8A&#8221; _builder_version=&#8221;4.20.2&#8243; _module_preset=&#8221;f8f650a5-1d35-4863-9000-9097889064a8&#8243; locked=&#8221;off&#8221; global_colors_info=&#8221;{}&#8221;][\/et_pb_blurb][\/et_pb_column][\/et_pb_row][et_pb_row column_structure=&#8221;1_3,1_3,1_3&#8243; _builder_version=&#8221;4.16&#8243; global_colors_info=&#8221;{}&#8221;][et_pb_column type=&#8221;1_3&#8243; _builder_version=&#8221;4.16&#8243; custom_padding=&#8221;|||&#8221; global_colors_info=&#8221;{}&#8221; custom_padding__hover=&#8221;|||&#8221;][et_pb_blurb title=&#8221;Ochrona dochodu&#8221; use_icon=&#8221;on&#8221; font_icon=&#8221;&#xf555;||fa||900&#8243; icon_color=&#8221;#2D3D8A&#8221; _builder_version=&#8221;4.20.2&#8243; _module_preset=&#8221;f8f650a5-1d35-4863-9000-9097889064a8&#8243; global_colors_info=&#8221;{}&#8221;][\/et_pb_blurb][\/et_pb_column][et_pb_column type=&#8221;1_3&#8243; _builder_version=&#8221;4.16&#8243; custom_padding=&#8221;|||&#8221; global_colors_info=&#8221;{}&#8221; custom_padding__hover=&#8221;|||&#8221;][et_pb_blurb title=&#8221;Ochrona kredyt\u00f3w hipotecznych&#8221; use_icon=&#8221;on&#8221; font_icon=&#8221;&#xf6f1;||fa||900&#8243; icon_color=&#8221;#2D3D8A&#8221; _builder_version=&#8221;4.20.2&#8243; _module_preset=&#8221;f8f650a5-1d35-4863-9000-9097889064a8&#8243; locked=&#8221;off&#8221; global_colors_info=&#8221;{}&#8221;][\/et_pb_blurb][\/et_pb_column][et_pb_column type=&#8221;1_3&#8243; _builder_version=&#8221;4.16&#8243; custom_padding=&#8221;|||&#8221; global_colors_info=&#8221;{}&#8221; custom_padding__hover=&#8221;|||&#8221;][et_pb_blurb title=&#8221;Ubezpieczenia dla firm&#8221; use_icon=&#8221;on&#8221; font_icon=&#8221;&#xf64a;||fa||900&#8243; icon_color=&#8221;#2D3D8A&#8221; _builder_version=&#8221;4.20.2&#8243; _module_preset=&#8221;f8f650a5-1d35-4863-9000-9097889064a8&#8243; locked=&#8221;off&#8221; global_colors_info=&#8221;{}&#8221;][\/et_pb_blurb][\/et_pb_column][\/et_pb_row][et_pb_row column_structure=&#8221;1_3,1_3,1_3&#8243; _builder_version=&#8221;4.16&#8243; global_colors_info=&#8221;{}&#8221;][et_pb_column type=&#8221;1_3&#8243; _builder_version=&#8221;4.16&#8243; custom_padding=&#8221;|||&#8221; global_colors_info=&#8221;{}&#8221; custom_padding__hover=&#8221;|||&#8221;][et_pb_blurb title=&#8221;Prywatna ochrona medyczna&#8221; use_icon=&#8221;on&#8221; font_icon=&#8221;&#xf0f0;||fa||900&#8243; icon_color=&#8221;#2D3D8A&#8221; _builder_version=&#8221;4.20.2&#8243; _module_preset=&#8221;f8f650a5-1d35-4863-9000-9097889064a8&#8243; global_colors_info=&#8221;{}&#8221;][\/et_pb_blurb][\/et_pb_column][et_pb_column type=&#8221;1_3&#8243; _builder_version=&#8221;4.16&#8243; custom_padding=&#8221;|||&#8221; global_colors_info=&#8221;{}&#8221; custom_padding__hover=&#8221;|||&#8221;][et_pb_blurb title=&#8221;Ubezpieczenie w\u0142a\u015bciciela nieruchomo\u015bci&#8221; use_icon=&#8221;on&#8221; font_icon=&#8221;&#xe065;||fa||900&#8243; icon_color=&#8221;#2D3D8A&#8221; _builder_version=&#8221;4.20.2&#8243; _module_preset=&#8221;f8f650a5-1d35-4863-9000-9097889064a8&#8243; locked=&#8221;off&#8221; global_colors_info=&#8221;{}&#8221;][\/et_pb_blurb][\/et_pb_column][et_pb_column type=&#8221;1_3&#8243; _builder_version=&#8221;4.16&#8243; custom_padding=&#8221;|||&#8221; global_colors_info=&#8221;{}&#8221; custom_padding__hover=&#8221;|||&#8221;][et_pb_blurb title=&#8221;Ubezpieczenie od nast\u0119pstw nieszcz\u0119\u015bliwych wypadk\u00f3w&#8221; use_icon=&#8221;on&#8221; font_icon=&#8221;&#xf5e1;||fa||900&#8243; icon_color=&#8221;#2D3D8A&#8221; _builder_version=&#8221;4.20.2&#8243; _module_preset=&#8221;f8f650a5-1d35-4863-9000-9097889064a8&#8243; locked=&#8221;off&#8221; global_colors_info=&#8221;{}&#8221;][\/et_pb_blurb][\/et_pb_column][\/et_pb_row][et_pb_row _builder_version=&#8221;4.20.2&#8243; _module_preset=&#8221;default&#8221; background_enable_image=&#8221;off&#8221; custom_padding=&#8221;||||false|false&#8221; animation_style=&#8221;zoom&#8221; global_colors_info=&#8221;{}&#8221;][et_pb_column type=&#8221;4_4&#8243; _builder_version=&#8221;4.20.2&#8243; _module_preset=&#8221;default&#8221; global_colors_info=&#8221;{}&#8221;][et_pb_image src=&#8221;https:\/\/weknowhow.uk\/wp-content\/uploads\/2023\/03\/protect-home.jpg&#8221; title_text=&#8221;chroni\u0107 dom&#8221; _builder_version=&#8221;4.27.4&#8243; _module_preset=&#8221;default&#8221; global_colors_info=&#8221;{}&#8221;][\/et_pb_image][\/et_pb_column][\/et_pb_row][\/et_pb_section][et_pb_section fb_built=&#8221;1&#8243; admin_label=&#8221;Bundles&#8221; _builder_version=&#8221;4.27.4&#8243; background_color=&#8221;#E8ECF8&#8243; background_image=&#8221;https:\/\/weknowhow.uk\/wp-content\/uploads\/2022\/10\/financial-advisor-07.jpg&#8221; custom_padding=&#8221;3px||150px||false|false&#8221; top_divider_style=&#8221;asymmetric3&#8243; top_divider_color=&#8221;#FFFFFF&#8221; top_divider_height=&#8221;350px&#8221; top_divider_repeat=&#8221;1x&#8221; bottom_divider_color=&#8221;#000000&#8243; global_colors_info=&#8221;{}&#8221;][et_pb_row column_structure=&#8221;1_4,3_4&#8243; _builder_version=&#8221;4.20.2&#8243; animation_style=&#8221;zoom&#8221; animation_direction=&#8221;bottom&#8221; global_colors_info=&#8221;{}&#8221;][et_pb_column type=&#8221;1_4&#8243; _builder_version=&#8221;4.16&#8243; custom_padding=&#8221;|||&#8221; global_colors_info=&#8221;{}&#8221; custom_padding__hover=&#8221;|||&#8221;][\/et_pb_column][et_pb_column type=&#8221;3_4&#8243; _builder_version=&#8221;4.20.2&#8243; background_color=&#8221;#FFFFFF&#8221; custom_padding=&#8221;30px|30px|30px|30px|true|true&#8221; border_radii=&#8221;on|20px|20px|20px|20px&#8221; box_shadow_style=&#8221;preset1&#8243; global_colors_info=&#8221;{}&#8221; custom_padding__hover=&#8221;|||&#8221;][et_pb_divider color=&#8221;#006ef4&#8243; divider_weight=&#8221;3px&#8221; _builder_version=&#8221;4.16&#8243; max_width=&#8221;100px&#8221; custom_margin=&#8221;||0px|&#8221; locked=&#8221;off&#8221; global_colors_info=&#8221;{}&#8221;][\/et_pb_divider][et_pb_text _builder_version=&#8221;4.27.6&#8243; text_font=&#8221;|300|||||||&#8221; text_font_size=&#8221;16px&#8221; text_line_height=&#8221;2em&#8221; header_font=&#8221;||||||||&#8221; header_2_font=&#8221;||||||||&#8221; header_2_font_size=&#8221;36px&#8221; header_2_line_height=&#8221;1.4em&#8221; hover_enabled=&#8221;0&#8243; text_font_size_tablet=&#8221;16px&#8221; text_font_size_phone=&#8221;14px&#8221; text_font_size_last_edited=&#8221;on|phone&#8221; header_2_font_size_tablet=&#8221;30px&#8221; header_2_font_size_phone=&#8221;24px&#8221; header_2_font_size_last_edited=&#8221;on|phone&#8221; locked=&#8221;off&#8221; global_colors_info=&#8221;{}&#8221; sticky_enabled=&#8221;0&#8243;]<\/p>\n<p><span style=\"font-weight: 400;\">Ka\u017cdy chce zapewni\u0107 swoim bliskim bezpieczn\u0105 przysz\u0142o\u015b\u0107. Mo\u017cemy pom\u00f3c Ci zadba\u0107 o bezpiecze\u0144stwo finansowe Twoje i Twojej rodziny. Czy zastanawia\u0142e\u015b si\u0119 kiedy\u015b, co stanie si\u0119, je\u015bli nagle stracisz doch\u00f3d? Jak zapewnisz swojej rodzinie stabilno\u015b\u0107 finansow\u0105? Ubezpieczenie ochrony dochodu jest jednym z najwa\u017cniejszych zabezpiecze\u0144 finansowych, szczeg\u00f3lnie je\u015bli masz rodzin\u0119 lub osoby zale\u017cne od Twoich zarobk\u00f3w. Warto ju\u017c dzi\u015b pomy\u015ble\u0107 o tym, jak zabezpieczy\u0107 przysz\u0142o\u015b\u0107 swojej rodziny i swoje finanse.       <\/span><\/p>\n<p><span style=\"font-weight: 400;\">Nawet je\u015bli posiadasz ju\u017c odpowiednie polisy, warto sprawdzi\u0107, czy s\u0105 one nadal dopasowane do potrzeb Twoich i Twojej rodziny oraz w jakich sytuacjach przys\u0142uguje wyp\u0142ata \u015bwiadcze\u0144. Regularny przegl\u0105d polis pozwala upewni\u0107 si\u0119, \u017ce wci\u0105\u017c odpowiadaj\u0105 Twojej aktualnej sytuacji.  <\/span><\/p>\n<p><span style=\"font-weight: 400;\">Jeste\u015bmy zespo\u0142em profesjonalist\u00f3w, kt\u00f3rych celem jest pomoc w zabezpieczeniu przysz\u0142o\u015bci finansowej naszych klient\u00f3w. Oferujemy rzetelne, profesjonalne i bezstronne doradztwo \u2013 bez zobowi\u0105za\u0144. Wierzymy w warto\u015b\u0107 indywidualnie dopasowanych rozwi\u0105za\u0144. Posiadamy uprawnienia do doradzania w zakresie szerokiej gamy produkt\u00f3w ubezpieczeniowych dost\u0119pnych na rynku brytyjskim. Oferujemy doradztwo w zakresie ubezpieczenia ochrony dochodu, ubezpieczenia wypadkowego, ubezpieczenia na \u017cycie, ubezpieczenia od powa\u017cnych chor\u00f3b, ubezpieczenia kredytu hipotecznego, ubezpieczenia domu, ubezpieczenia dla w\u0142a\u015bcicieli nieruchomo\u015bci na wynajem, ubezpiecze\u0144 komercyjnych oraz ubezpieczenia dla p\u00f3\u0142profesjonalnych sportowc\u00f3w.     <\/span><\/p>\n<p><span style=\"font-weight: 400;\">Czy wiesz, \u017ce pracodawcy nie maj\u0105 obowi\u0105zku wyp\u0142acania wynagrodzenia chorobowego? \u015awiadczenie pa\u0144stwowe \u2013 Statutory Sick Pay \u2013 wynosi 118,75 \u00a3 brutto tygodniowo i przys\u0142uguje maksymalnie przez 28 tygodni. Co potem? W przypadku utraty dochodu z powodu choroby lub wypadku trudno b\u0119dzie utrzyma\u0107 si\u0119 za tak\u0105 kwot\u0119 i pokry\u0107 codzienne wydatki. Ubezpieczenie ochrony dochodu mo\u017ce zapewni\u0107 doch\u00f3d zast\u0119pczy wolny od podatku nawet do 70% Twojego obecnego wynagrodzenia brutto. Ubezpieczenie na \u017cycie zapewnia wsparcie finansowe osobom zale\u017cnym od Ciebie w przypadku Twojej \u015bmierci. Ubezpieczenie od powa\u017cnych chor\u00f3b wyp\u0142aca jednorazowe \u015bwiadczenie wolne od podatku po zdiagnozowaniu okre\u015blonych powa\u017cnych schorze\u0144, takich jak rak, udar, zawa\u0142 serca, stwardnienie rozsiane oraz wiele innych.      <\/span><\/p>\n<p><span style=\"font-weight: 400;\">Je\u015bli masz pytania \u2013 skontaktuj si\u0119 z nami. <\/span><\/p>\n<p><span style=\"font-weight: 400;\">*W przypadku polis hipotecznych, ubezpieczenia ochrony dochodu oraz innych produkt\u00f3w ubezpieczeniowych wsp\u00f3\u0142pracujemy z firm\u0105 Tavistock Protect (numer FCA 575993).* <\/span><\/p>\n<p>W sprawie zapyta\u0144 dotycz\u0105cych istniej\u0105cych lub nowych polis prosimy o kontakt z Jaroslavem Tsukarjovem: tel. kom. 07500044332, e\u2011mail: <a href=\"mailto:j.tsukarjov@tavistockprotect.com\">j.tsukarjov@tavistockprotect.com<\/a><\/p>\n<p>[\/et_pb_text][et_pb_button button_url=&#8221;@ET-DC@eyJkeW5hbWljIjp0cnVlLCJjb250ZW50IjoicG9zdF9saW5rX3VybF9wYWdlIiwic2V0dGluZ3MiOnsicG9zdF9pZCI6IjM4NSJ9fQ==@&#8221; button_text=&#8221;Kontakt&#8221; _builder_version=&#8221;4.27.6&#8243; _dynamic_attributes=&#8221;button_url&#8221; custom_button=&#8221;on&#8221; button_text_size=&#8221;14px&#8221; button_text_color=&#8221;#ffffff&#8221; button_bg_color=&#8221;#003bde&#8221; button_border_width=&#8221;0px&#8221; button_border_radius=&#8221;4px&#8221; button_letter_spacing=&#8221;1px&#8221; button_font=&#8221;|||on|||||&#8221; background_layout=&#8221;dark&#8221; custom_margin=&#8221;|||&#8221; custom_padding=&#8221;16px|40px|16px|40px|true|true&#8221; hover_enabled=&#8221;0&#8243; button_border_radius_hover=&#8221;4px&#8221; button_letter_spacing_hover=&#8221;1px&#8221; button_bg_color_hover=&#8221;#0053ef&#8221; locked=&#8221;off&#8221; global_colors_info=&#8221;{}&#8221; button_text_size__hover_enabled=&#8221;off&#8221; button_one_text_size__hover_enabled=&#8221;off&#8221; button_two_text_size__hover_enabled=&#8221;off&#8221; button_text_color__hover_enabled=&#8221;off&#8221; button_one_text_color__hover_enabled=&#8221;off&#8221; button_two_text_color__hover_enabled=&#8221;off&#8221; button_border_width__hover_enabled=&#8221;off&#8221; button_one_border_width__hover_enabled=&#8221;off&#8221; button_two_border_width__hover_enabled=&#8221;off&#8221; button_border_color__hover_enabled=&#8221;off&#8221; button_one_border_color__hover_enabled=&#8221;off&#8221; button_two_border_color__hover_enabled=&#8221;off&#8221; button_border_radius__hover_enabled=&#8221;on&#8221; button_border_radius__hover=&#8221;4px&#8221; button_one_border_radius__hover_enabled=&#8221;off&#8221; button_two_border_radius__hover_enabled=&#8221;off&#8221; button_letter_spacing__hover_enabled=&#8221;on&#8221; button_letter_spacing__hover=&#8221;1px&#8221; button_one_letter_spacing__hover_enabled=&#8221;off&#8221; button_two_letter_spacing__hover_enabled=&#8221;off&#8221; button_bg_color__hover_enabled=&#8221;on&#8221; button_bg_color__hover=&#8221;#0053ef&#8221; button_one_bg_color__hover_enabled=&#8221;off&#8221; button_two_bg_color__hover_enabled=&#8221;off&#8221; sticky_enabled=&#8221;0&#8243;][\/et_pb_button][\/et_pb_column][\/et_pb_row][\/et_pb_section]<\/p>\n","protected":false},"excerpt":{"rendered":"<p>Ka\u017cdy chce zapewni\u0107 swoim bliskim bezpieczn\u0105 przysz\u0142o\u015b\u0107. Mo\u017cemy pom\u00f3c Ci zadba\u0107 o bezpiecze\u0144stwo finansowe Twoje i Twojej rodziny. Czy zastanawia\u0142e\u015b si\u0119 kiedy\u015b, co stanie si\u0119, je\u015bli nagle stracisz doch\u00f3d? Jak zapewnisz swojej rodzinie stabilno\u015b\u0107 finansow\u0105? Ubezpieczenie ochrony dochodu jest jednym z najwa\u017cniejszych zabezpiecze\u0144 finansowych, szczeg\u00f3lnie je\u015bli masz rodzin\u0119 lub osoby zale\u017cne od Twoich zarobk\u00f3w. Warto [&hellip;]<\/p>\n","protected":false},"author":1,"featured_media":0,"parent":0,"menu_order":0,"comment_status":"closed","ping_status":"closed","template":"","meta":{"_et_pb_use_builder":"on","_et_pb_old_content":"","_et_gb_content_width":"","footnotes":""},"class_list":["post-1459","page","type-page","status-publish","hentry"],"_links":{"self":[{"href":"https:\/\/weknowhow.uk\/pl\/wp-json\/wp\/v2\/pages\/1459","targetHints":{"allow":["GET"]}}],"collection":[{"href":"https:\/\/weknowhow.uk\/pl\/wp-json\/wp\/v2\/pages"}],"about":[{"href":"https:\/\/weknowhow.uk\/pl\/wp-json\/wp\/v2\/types\/page"}],"author":[{"embeddable":true,"href":"https:\/\/weknowhow.uk\/pl\/wp-json\/wp\/v2\/users\/1"}],"replies":[{"embeddable":true,"href":"https:\/\/weknowhow.uk\/pl\/wp-json\/wp\/v2\/comments?post=1459"}],"version-history":[{"count":12,"href":"https:\/\/weknowhow.uk\/pl\/wp-json\/wp\/v2\/pages\/1459\/revisions"}],"predecessor-version":[{"id":1702,"href":"https:\/\/weknowhow.uk\/pl\/wp-json\/wp\/v2\/pages\/1459\/revisions\/1702"}],"wp:attachment":[{"href":"https:\/\/weknowhow.uk\/pl\/wp-json\/wp\/v2\/media?parent=1459"}],"curies":[{"name":"wp","href":"https:\/\/api.w.org\/{rel}","templated":true}]}}