{"id":1561,"date":"2022-11-06T17:18:01","date_gmt":"2022-11-06T17:18:01","guid":{"rendered":"https:\/\/weknowhow.uk\/pieprasit-konsultaciju\/"},"modified":"2026-03-19T16:37:30","modified_gmt":"2026-03-19T16:37:30","slug":"pieprasit-konsultaciju","status":"publish","type":"page","link":"https:\/\/weknowhow.uk\/lv\/pieprasit-konsultaciju\/","title":{"rendered":"Piepras\u012bt konsult\u0101ciju"},"content":{"rendered":"<p>[et_pb_section fb_built=&#8221;1&#8243; custom_padding_last_edited=&#8221;on|phone&#8221; admin_label=&#8221;Hero&#8221; _builder_version=&#8221;4.27.4&#8243; background_color=&#8221;#5C70D6&#8243; background_image=&#8221;https:\/\/weknowhow.uk\/wp-content\/uploads\/2023\/03\/any-questions.png&#8221; custom_padding=&#8221;200px|0px|200px|0px|true|false&#8221; custom_padding_tablet=&#8221;200px|0px|200px|0px|true|false&#8221; custom_padding_phone=&#8221;20px||20px||true|false&#8221; bottom_divider_style=&#8221;asymmetric3&#8243; bottom_divider_color=&#8221;#f7f8fc&#8221; global_colors_info=&#8221;{}&#8221;][et_pb_row column_structure=&#8221;1_2,1_2&#8243; _builder_version=&#8221;4.16&#8243; custom_padding=&#8221;80px||80px||true|&#8221; global_colors_info=&#8221;{}&#8221;][et_pb_column type=&#8221;1_2&#8243; _builder_version=&#8221;4.16&#8243; custom_padding=&#8221;|||&#8221; global_colors_info=&#8221;{}&#8221; custom_padding__hover=&#8221;|||&#8221;][\/et_pb_column][et_pb_column type=&#8221;1_2&#8243; _builder_version=&#8221;4.16&#8243; custom_padding=&#8221;|||&#8221; global_colors_info=&#8221;{}&#8221; custom_padding__hover=&#8221;|||&#8221;][\/et_pb_column][\/et_pb_row][\/et_pb_section][et_pb_section fb_built=&#8221;1&#8243; admin_label=&#8221;What You Get&#8221; _builder_version=&#8221;4.20.2&#8243; background_color=&#8221;#f7f8fc&#8221; background_image=&#8221;https:\/\/forweston.co.uk\/wp-content\/uploads\/2022\/11\/insurance-35.png&#8221; background_size=&#8221;initial&#8221; background_position=&#8221;bottom_left&#8221; custom_padding=&#8221;54px|0|115px|0px|false|false&#8221; bottom_divider_style=&#8221;asymmetric3&#8243; bottom_divider_color=&#8221;#000000&#8243; global_colors_info=&#8221;{}&#8221;][et_pb_row _builder_version=&#8221;4.20.2&#8243; _module_preset=&#8221;default&#8221; background_color=&#8221;#FFFFFF&#8221; custom_padding=&#8221;20px|20px|20px|20px|true|true&#8221; animation_style=&#8221;slide&#8221; animation_direction=&#8221;bottom&#8221; border_radii=&#8221;on|10px|10px|10px|10px&#8221; box_shadow_style=&#8221;preset1&#8243; global_colors_info=&#8221;{}&#8221;][et_pb_column type=&#8221;4_4&#8243; _builder_version=&#8221;4.19.0&#8243; _module_preset=&#8221;default&#8221; global_colors_info=&#8221;{}&#8221;][et_pb_text _builder_version=&#8221;4.27.6&#8243; text_font=&#8221;Montserrat|300|||||||&#8221; text_font_size=&#8221;16px&#8221; text_line_height=&#8221;2em&#8221; header_font=&#8221;||||||||&#8221; header_text_align=&#8221;left&#8221; header_text_color=&#8221;#393A43&#8243; header_font_size=&#8221;40px&#8221; header_line_height=&#8221;1.4em&#8221; background_layout=&#8221;dark&#8221; max_width=&#8221;600px&#8221; custom_margin=&#8221;||-4px|||&#8221; custom_margin_last_edited=&#8221;off|desktop&#8221; custom_padding=&#8221;10px||10px|15px|true|false&#8221; custom_padding_tablet=&#8221;10px||10px|15px|true|false&#8221; custom_padding_phone=&#8221;10px||10px|0px|true|false&#8221; custom_padding_last_edited=&#8221;on|phone&#8221; hover_enabled=&#8221;0&#8243; header_font_size_tablet=&#8221;30px&#8221; header_font_size_phone=&#8221;24px&#8221; header_font_size_last_edited=&#8221;on|phone&#8221; global_colors_info=&#8221;{}&#8221; sticky_enabled=&#8221;0&#8243;]<\/p>\n<h1><span>Piepras\u012bt konsult\u0101ciju<\/span><\/h1>\n<p>[\/et_pb_text][et_pb_code _builder_version=&#8221;4.19.0&#8243; _module_preset=&#8221;default&#8221; global_colors_info=&#8221;{}&#8221;]<div class=\"everest-forms\"><div class=\"evf-container layout-two\" id=\"evf-150\"><form id=\"evf-form-150\" class=\"everest-form\" data-formid=\"150\" data-ajax_submission=\"0\" data-keyboard_friendly_form=\"0\" data-form_state_type=\"\" method=\"post\" enctype=\"multipart\/form-data\" action=\"\/lv\/wp-json\/wp\/v2\/pages\/1561\"><div class=\"evf-field-container\"><input type=\"hidden\" id=\"_wpnonce150\" name=\"_wpnonce150\" value=\"e9a78a9ed1\" \/><input type=\"hidden\" name=\"_wp_http_referer\" value=\"\/lv\/wp-json\/wp\/v2\/pages\/1561\" \/><div class=\"evf-frontend-row\" data-row=\"row_1\" conditional_rules=\"[]\"><div class=\"evf-frontend-grid evf-grid-2\" data-grid=\"grid_1\"><div id=\"evf-150-field_YGFoZenVgq-1-container\" class=\"evf-field evf-field-first-name form-row validate-required\" data-required-field-message=\"This field is required.\" data-field-id=\"YGFoZenVgq-1\"><label class=\"evf-field-label\" for=\"evf-150-field_YGFoZenVgq-1\"><span class=\"evf-label\">V\u0101rds<\/span> <abbr class=\"required\" title=\"Required\">*<\/abbr><\/label><input type=\"text\" id=\"evf-150-field_YGFoZenVgq-1\" class=\"input-text\" name=\"everest_forms[form_fields][YGFoZenVgq-1]\" required><\/div><\/div><div class=\"evf-frontend-grid evf-grid-2\" data-grid=\"grid_2\"><div id=\"evf-150-field_cgrgWBfgeE-5-container\" class=\"evf-field evf-field-last-name form-row validate-required\" data-required-field-message=\"This field is required.\" data-field-id=\"cgrgWBfgeE-5\"><label class=\"evf-field-label\" for=\"evf-150-field_cgrgWBfgeE-5\"><span class=\"evf-label\">Uzv\u0101rds<\/span> <abbr class=\"required\" title=\"Required\">*<\/abbr><\/label><input type=\"text\" id=\"evf-150-field_cgrgWBfgeE-5\" class=\"input-text\" name=\"everest_forms[form_fields][cgrgWBfgeE-5]\" required><\/div><\/div><\/div><div class=\"evf-frontend-row\" data-row=\"row_2\" conditional_rules=\"[]\"><div class=\"evf-frontend-grid evf-grid-2\" data-grid=\"grid_1\"><div id=\"evf-150-field_Ei76iNp1kQ-2-container\" class=\"evf-field evf-field-email form-row validate-required validate-email\" data-required-field-message=\"Please enter a valid email address.\" data-field-id=\"Ei76iNp1kQ-2\"><label class=\"evf-field-label\" for=\"evf-150-field_Ei76iNp1kQ-2\"><span class=\"evf-label\">E-pasts<\/span> <abbr class=\"required\" title=\"Required\">*<\/abbr><\/label><input type=\"email\" id=\"evf-150-field_Ei76iNp1kQ-2\" class=\"input-text\" name=\"everest_forms[form_fields][Ei76iNp1kQ-2]\" required ><\/div><\/div><div class=\"evf-frontend-grid evf-grid-2\" data-grid=\"grid_2\"><div id=\"evf-150-field_BGdcMpcScL-16-container\" class=\"evf-field evf-field-text form-row validate-required\" data-required-field-message=\"This field is required.\" data-field-id=\"BGdcMpcScL-16\"><label class=\"evf-field-label\" for=\"evf-150-field_BGdcMpcScL-16\"><span class=\"evf-label\">T\u0101lru\u0146a numurs<\/span> <abbr class=\"required\" title=\"Required\">*<\/abbr><\/label><input type=\"text\" id=\"evf-150-field_BGdcMpcScL-16\" class=\"input-text\" name=\"everest_forms[form_fields][BGdcMpcScL-16]\" required><\/div><\/div><\/div><div class=\"evf-frontend-row\" data-row=\"row_6\" conditional_rules=\"[]\"><div class=\"evf-frontend-grid evf-grid-1\" data-grid=\"grid_1\"><div id=\"evf-150-field_g7UphcuBkK-11-container\" class=\"evf-field evf-field-date-time form-row validate-required\" data-required-field-message=\"This field is required.\" data-field-id=\"g7UphcuBkK-11\"><label class=\"evf-field-label\" for=\"evf-150-field_g7UphcuBkK-11\"><span class=\"evf-label\">V\u0113lamais atzvanu laiks<\/span> <abbr class=\"required\" title=\"Required\">*<\/abbr><\/label><input type=\"text\" id=\"evf-150-field_g7UphcuBkK-11\" class=\"flatpickr-field input-text\" name=\"everest_forms[form_fields][g7UphcuBkK-11]\" data-time-interval=\"15\" data-date-time=\"time\" data-date-format=\"h:i K\" required ><\/div><\/div><\/div><div class=\"evf-frontend-row\" data-row=\"row_5\" conditional_rules=\"[]\"><div class=\"evf-frontend-grid evf-grid-1\" data-grid=\"grid_1\"><div id=\"evf-150-field_45TbpWb3Dw-8-container\" class=\"evf-field evf-field-select form-row validate-required\" data-required-field-message=\"This field is required.\" data-field-id=\"45TbpWb3Dw-8\"><label class=\"evf-field-label\" for=\"evf-150-field_45TbpWb3Dw-8\"><span class=\"evf-label\">Pakalpojums<\/span> <abbr class=\"required\" title=\"Required\">*<\/abbr><\/label><select id=\"evf-150-field_45TbpWb3Dw-8\" class=\"input-text evf-field-required\" name=\"everest_forms[form_fields][45TbpWb3Dw-8]\" required=\"required\" ><option value=\"\" class=\"placeholder\" disabled  selected='selected'>L\u016bdzu, izv\u0113lieties pakalpojumu<\/option><option value=\"Visas\" >V\u012bzas<\/option><option value=\"National Insurance number\" >National Insurance numura ieg\u016b\u0161ana<\/option><option value=\"HMRC Issue\" >Probl\u0113mas ar HMRC<\/option><option value=\"GP Problem\" >Probl\u0113mas ar \u0123imenes \u0101rstu (GP)<\/option><option value=\"Business Development\" >Biznesa att\u012bst\u012bba<\/option><option value=\"DVLA Problem\" >Probl\u0113mas ar DVLA<\/option><option value=\"Claims Handling\" >Pras\u012bbu un kompens\u0101ciju lietu k\u0101rto\u0161ana<\/option><option value=\"Translation Services\" >Tulko\u0161anas pakalpojumi<\/option><option value=\"Business Referrals\" >Biznesa kontaktu ieteikumi<\/option><option value=\"Employment issue\" >Darba attiec\u012bbu probl\u0113mas<\/option><option value=\"Child Maintenance\" >Uzturl\u012bdzek\u013ci b\u0113rniem<\/option><option value=\"Landlord Dispute\" >Str\u012bdi ar iz\u012br\u0113t\u0101ju<\/option><option value=\"S\/E or LTD Company set up\" >S\/E vai LTD uz\u0146\u0113muma re\u0123istr\u0101cija<\/option><option value=\"HMRC Benefits\" >HMRC pabalsti<\/option><option value=\"Wills\" >Testamenti<\/option><option value=\"Official Letters\" >Ofici\u0101lo v\u0113stu\u013cu sagatavo\u0161ana<\/option><option value=\"Phone Calls\" >Telefonzvani j\u016bsu v\u0101rd\u0101<\/option><option value=\"Pensions\" >Pensijas<\/option><option value=\"Mortgages and re-mortgages\" >Hipot\u0113kas un p\u0101rfinans\u0113\u0161ana<\/option><option value=\"Accounting &amp; Tax Returns\" >Gr\u0101matved\u012bba un nodok\u013cu deklar\u0101cijas<\/option><option value=\"VAT &amp; Payroll\" >PVN un algu uzskaite<\/option><option value=\"Tax Refunds\" >Nodok\u013cu p\u0101rmaksas atmaksa<\/option><option value=\"Financial Consulting\" >Finan\u0161u konsult\u0101cijas<\/option><option value=\"Construction Industry Scheme (CIS)\" >B\u016bvniec\u012bbas industrijas sh\u0113ma (CIS)<\/option><option value=\"Last Will &amp; Testaments\" >Testamenti un p\u0113d\u0113j\u0101 griba<\/option><option value=\"Lasting Power of Attorney\" >Ilgtermi\u0146a pilnvara (Lasting Power of Attorney)<\/option><option value=\"Family Living Trusts\" >\u0122imenes trastu p\u0101rvald\u012bba<\/option><option value=\"Legal Services\" >Juridiskie pakalpojumi<\/option><option value=\"Consulting\" >Konsult\u0101cijas<\/option><option value=\"Probate Service\" >Mantojuma lietu k\u0101rto\u0161ana (Probate Service)<\/option><option value=\"Council houses\" >Pa\u0161vald\u012bbas m\u0101jok\u013ci (Council housing)<\/option><option value=\"Other\" >Cits<\/option><\/select><\/div><div id=\"evf-150-field_8wGo0fuI31-9-container\" class=\"evf-field evf-field-textarea form-row\" data-field-id=\"8wGo0fuI31-9\"><label class=\"evf-field-label\" for=\"evf-150-field_8wGo0fuI31-9\"><span class=\"evf-label\">Inform\u0101cija<\/span> <\/label><textarea id=\"evf-150-field_8wGo0fuI31-9\" class=\"input-text\" name=\"everest_forms[form_fields][8wGo0fuI31-9]\"  ><\/textarea><\/div><\/div><\/div><\/div><div class=\"evf-honeypot-container evf-field-hp\"><label for=\"evf-150-field-hp\" class=\"evf-field-label\">Comment<\/label><input type=\"text\" name=\"everest_forms[hp]\" id=\"evf-150-field-hp\" class=\"input-text\"><\/div><div class=\"evf-submit-container \" ><input type=\"hidden\" name=\"everest_forms[id]\" value=\"150\"><input type=\"hidden\" name=\"everest_forms[author]\" value=\"1\"><button type='submit' name='everest_forms[submit]' class='everest-forms-submit-button button evf-submit ' id='evf-submit-150' value='evf-submit' data-process-text=\"Apstr\u0101d\u0101\u2026\" conditional_rules='&quot;&quot;' conditional_id='evf-submit-150'  id=\"evf-submit-150\" aria-live=\"assertive\">Iesniegt<\/button><\/div><\/form><\/div><!-- .evf-container --><\/div> [\/et_pb_code][\/et_pb_column][\/et_pb_row][\/et_pb_section]<\/p>\n","protected":false},"excerpt":{"rendered":"<p>Piepras\u012bt konsult\u0101ciju<div class=\"everest-forms\"><div class=\"evf-container layout-two\" id=\"evf-150\"><form id=\"evf-form-150\" class=\"everest-form\" data-formid=\"150\" data-ajax_submission=\"0\" data-keyboard_friendly_form=\"0\" data-form_state_type=\"\" method=\"post\" enctype=\"multipart\/form-data\" action=\"\/lv\/wp-json\/wp\/v2\/pages\/1561\"><div class=\"evf-field-container\"><input type=\"hidden\" id=\"_wpnonce150\" name=\"_wpnonce150\" value=\"e9a78a9ed1\" \/><input type=\"hidden\" name=\"_wp_http_referer\" value=\"\/lv\/wp-json\/wp\/v2\/pages\/1561\" \/><div class=\"evf-frontend-row\" data-row=\"row_1\" conditional_rules=\"[]\"><div class=\"evf-frontend-grid evf-grid-2\" data-grid=\"grid_1\"><div id=\"evf-150-field_YGFoZenVgq-1-container\" class=\"evf-field evf-field-first-name form-row validate-required\" data-required-field-message=\"This field is required.\" data-field-id=\"YGFoZenVgq-1\"><label class=\"evf-field-label\" for=\"evf-150-field_YGFoZenVgq-1\"><span class=\"evf-label\">V\u0101rds<\/span> <abbr class=\"required\" title=\"Required\">*<\/abbr><\/label><input type=\"text\" id=\"evf-150-field_YGFoZenVgq-1\" class=\"input-text\" name=\"everest_forms[form_fields][YGFoZenVgq-1]\" required><\/div><\/div><div class=\"evf-frontend-grid evf-grid-2\" data-grid=\"grid_2\"><div id=\"evf-150-field_cgrgWBfgeE-5-container\" class=\"evf-field evf-field-last-name form-row validate-required\" data-required-field-message=\"This field is required.\" data-field-id=\"cgrgWBfgeE-5\"><label class=\"evf-field-label\" for=\"evf-150-field_cgrgWBfgeE-5\"><span class=\"evf-label\">Uzv\u0101rds<\/span> <abbr class=\"required\" title=\"Required\">*<\/abbr><\/label><input type=\"text\" id=\"evf-150-field_cgrgWBfgeE-5\" class=\"input-text\" name=\"everest_forms[form_fields][cgrgWBfgeE-5]\" required><\/div><\/div><\/div><div class=\"evf-frontend-row\" data-row=\"row_2\" conditional_rules=\"[]\"><div class=\"evf-frontend-grid evf-grid-2\" data-grid=\"grid_1\"><div id=\"evf-150-field_Ei76iNp1kQ-2-container\" class=\"evf-field evf-field-email form-row validate-required validate-email\" data-required-field-message=\"Please enter a valid email address.\" data-field-id=\"Ei76iNp1kQ-2\"><label class=\"evf-field-label\" for=\"evf-150-field_Ei76iNp1kQ-2\"><span class=\"evf-label\">E-pasts<\/span> <abbr class=\"required\" title=\"Required\">*<\/abbr><\/label><input type=\"email\" id=\"evf-150-field_Ei76iNp1kQ-2\" class=\"input-text\" name=\"everest_forms[form_fields][Ei76iNp1kQ-2]\" required ><\/div><\/div><div class=\"evf-frontend-grid evf-grid-2\" data-grid=\"grid_2\"><div id=\"evf-150-field_BGdcMpcScL-16-container\" class=\"evf-field evf-field-text form-row validate-required\" data-required-field-message=\"This field is required.\" data-field-id=\"BGdcMpcScL-16\"><label class=\"evf-field-label\" for=\"evf-150-field_BGdcMpcScL-16\"><span class=\"evf-label\">T\u0101lru\u0146a numurs<\/span> <abbr class=\"required\" title=\"Required\">*<\/abbr><\/label><input type=\"text\" id=\"evf-150-field_BGdcMpcScL-16\" class=\"input-text\" name=\"everest_forms[form_fields][BGdcMpcScL-16]\" required><\/div><\/div><\/div><div class=\"evf-frontend-row\" data-row=\"row_6\" conditional_rules=\"[]\"><div class=\"evf-frontend-grid evf-grid-1\" data-grid=\"grid_1\"><div id=\"evf-150-field_g7UphcuBkK-11-container\" class=\"evf-field evf-field-date-time form-row validate-required\" data-required-field-message=\"This field is required.\" data-field-id=\"g7UphcuBkK-11\"><label class=\"evf-field-label\" for=\"evf-150-field_g7UphcuBkK-11\"><span class=\"evf-label\">V\u0113lamais atzvanu laiks<\/span> <abbr class=\"required\" title=\"Required\">*<\/abbr><\/label><input type=\"text\" id=\"evf-150-field_g7UphcuBkK-11\" class=\"flatpickr-field input-text\" name=\"everest_forms[form_fields][g7UphcuBkK-11]\" data-time-interval=\"15\" data-date-time=\"time\" data-date-format=\"h:i K\" required ><\/div><\/div><\/div><div class=\"evf-frontend-row\" data-row=\"row_5\" conditional_rules=\"[]\"><div class=\"evf-frontend-grid evf-grid-1\" data-grid=\"grid_1\"><div id=\"evf-150-field_45TbpWb3Dw-8-container\" class=\"evf-field evf-field-select form-row validate-required\" data-required-field-message=\"This field is required.\" data-field-id=\"45TbpWb3Dw-8\"><label class=\"evf-field-label\" for=\"evf-150-field_45TbpWb3Dw-8\"><span class=\"evf-label\">Pakalpojums<\/span> <abbr class=\"required\" title=\"Required\">*<\/abbr><\/label><select id=\"evf-150-field_45TbpWb3Dw-8\" class=\"input-text evf-field-required\" name=\"everest_forms[form_fields][45TbpWb3Dw-8]\" required=\"required\" ><option value=\"\" class=\"placeholder\" disabled  selected='selected'>L\u016bdzu, izv\u0113lieties pakalpojumu<\/option><option value=\"Visas\" >V\u012bzas<\/option><option value=\"National Insurance number\" >National Insurance numura ieg\u016b\u0161ana<\/option><option value=\"HMRC Issue\" >Probl\u0113mas ar HMRC<\/option><option value=\"GP Problem\" >Probl\u0113mas ar \u0123imenes \u0101rstu (GP)<\/option><option value=\"Business Development\" >Biznesa att\u012bst\u012bba<\/option><option value=\"DVLA Problem\" >Probl\u0113mas ar DVLA<\/option><option value=\"Claims Handling\" >Pras\u012bbu un kompens\u0101ciju lietu k\u0101rto\u0161ana<\/option><option value=\"Translation Services\" >Tulko\u0161anas pakalpojumi<\/option><option value=\"Business Referrals\" >Biznesa kontaktu ieteikumi<\/option><option value=\"Employment issue\" >Darba attiec\u012bbu probl\u0113mas<\/option><option value=\"Child Maintenance\" >Uzturl\u012bdzek\u013ci b\u0113rniem<\/option><option value=\"Landlord Dispute\" >Str\u012bdi ar iz\u012br\u0113t\u0101ju<\/option><option value=\"S\/E or LTD Company set up\" >S\/E vai LTD uz\u0146\u0113muma re\u0123istr\u0101cija<\/option><option value=\"HMRC Benefits\" >HMRC pabalsti<\/option><option value=\"Wills\" >Testamenti<\/option><option value=\"Official Letters\" >Ofici\u0101lo v\u0113stu\u013cu sagatavo\u0161ana<\/option><option value=\"Phone Calls\" >Telefonzvani j\u016bsu v\u0101rd\u0101<\/option><option value=\"Pensions\" >Pensijas<\/option><option value=\"Mortgages and re-mortgages\" >Hipot\u0113kas un p\u0101rfinans\u0113\u0161ana<\/option><option value=\"Accounting &amp; Tax Returns\" >Gr\u0101matved\u012bba un nodok\u013cu deklar\u0101cijas<\/option><option value=\"VAT &amp; Payroll\" >PVN un algu uzskaite<\/option><option value=\"Tax Refunds\" >Nodok\u013cu p\u0101rmaksas atmaksa<\/option><option value=\"Financial Consulting\" >Finan\u0161u konsult\u0101cijas<\/option><option value=\"Construction Industry Scheme (CIS)\" >B\u016bvniec\u012bbas industrijas sh\u0113ma (CIS)<\/option><option value=\"Last Will &amp; Testaments\" >Testamenti un p\u0113d\u0113j\u0101 griba<\/option><option value=\"Lasting Power of Attorney\" >Ilgtermi\u0146a pilnvara (Lasting Power of Attorney)<\/option><option value=\"Family Living Trusts\" >\u0122imenes trastu p\u0101rvald\u012bba<\/option><option value=\"Legal Services\" >Juridiskie pakalpojumi<\/option><option value=\"Consulting\" >Konsult\u0101cijas<\/option><option value=\"Probate Service\" >Mantojuma lietu k\u0101rto\u0161ana (Probate Service)<\/option><option value=\"Council houses\" >Pa\u0161vald\u012bbas m\u0101jok\u013ci (Council housing)<\/option><option value=\"Other\" >Cits<\/option><\/select><\/div><div id=\"evf-150-field_8wGo0fuI31-9-container\" class=\"evf-field evf-field-textarea form-row\" data-field-id=\"8wGo0fuI31-9\"><label class=\"evf-field-label\" for=\"evf-150-field_8wGo0fuI31-9\"><span class=\"evf-label\">Inform\u0101cija<\/span> <\/label><textarea id=\"evf-150-field_8wGo0fuI31-9\" class=\"input-text\" name=\"everest_forms[form_fields][8wGo0fuI31-9]\"  ><\/textarea><\/div><\/div><\/div><\/div><div class=\"evf-honeypot-container evf-field-hp\"><label for=\"evf-150-field-hp\" class=\"evf-field-label\">Phone<\/label><input type=\"text\" name=\"everest_forms[hp]\" id=\"evf-150-field-hp\" class=\"input-text\"><\/div><div class=\"evf-submit-container \" ><input type=\"hidden\" name=\"everest_forms[id]\" value=\"150\"><input type=\"hidden\" name=\"everest_forms[author]\" value=\"1\"><button type='submit' name='everest_forms[submit]' class='everest-forms-submit-button button evf-submit ' id='evf-submit-150' value='evf-submit' data-process-text=\"Apstr\u0101d\u0101\u2026\" conditional_rules='&quot;&quot;' conditional_id='evf-submit-150'  id=\"evf-submit-150\" aria-live=\"assertive\">Iesniegt<\/button><\/div><\/form><\/div><!-- .evf-container --><\/div><\/p>\n","protected":false},"author":1,"featured_media":0,"parent":0,"menu_order":0,"comment_status":"closed","ping_status":"closed","template":"","meta":{"_et_pb_use_builder":"on","_et_pb_old_content":"","_et_gb_content_width":"","footnotes":""},"class_list":["post-1561","page","type-page","status-publish","hentry"],"_links":{"self":[{"href":"https:\/\/weknowhow.uk\/lv\/wp-json\/wp\/v2\/pages\/1561","targetHints":{"allow":["GET"]}}],"collection":[{"href":"https:\/\/weknowhow.uk\/lv\/wp-json\/wp\/v2\/pages"}],"about":[{"href":"https:\/\/weknowhow.uk\/lv\/wp-json\/wp\/v2\/types\/page"}],"author":[{"embeddable":true,"href":"https:\/\/weknowhow.uk\/lv\/wp-json\/wp\/v2\/users\/1"}],"replies":[{"embeddable":true,"href":"https:\/\/weknowhow.uk\/lv\/wp-json\/wp\/v2\/comments?post=1561"}],"version-history":[{"count":2,"href":"https:\/\/weknowhow.uk\/lv\/wp-json\/wp\/v2\/pages\/1561\/revisions"}],"predecessor-version":[{"id":1741,"href":"https:\/\/weknowhow.uk\/lv\/wp-json\/wp\/v2\/pages\/1561\/revisions\/1741"}],"wp:attachment":[{"href":"https:\/\/weknowhow.uk\/lv\/wp-json\/wp\/v2\/media?parent=1561"}],"curies":[{"name":"wp","href":"https:\/\/api.w.org\/{rel}","templated":true}]}}