{"id":1558,"date":"2022-11-06T16:50:37","date_gmt":"2022-11-06T16:50:37","guid":{"rendered":"https:\/\/weknowhow.uk\/aizsardziba\/"},"modified":"2026-04-03T12:25:12","modified_gmt":"2026-04-03T12:25:12","slug":"aizsardziba","status":"publish","type":"page","link":"https:\/\/weknowhow.uk\/lv\/aizsardziba\/","title":{"rendered":"Aizsardz\u012bba"},"content":{"rendered":"<p>[et_pb_section fb_built=&#8221;1&#8243; custom_padding_last_edited=&#8221;on|tablet&#8221; admin_label=&#8221;Hero&#8221; _builder_version=&#8221;4.27.4&#8243; background_enable_color=&#8221;off&#8221; use_background_color_gradient=&#8221;on&#8221; background_color_gradient_direction=&#8221;160deg&#8221; background_color_gradient_stops=&#8221;rgba(57,58,67,0.7) 1%|rgba(57,58,67,0.53) 100%&#8221; background_color_gradient_overlays_image=&#8221;on&#8221; background_color_gradient_start=&#8221;#003bde&#8221; background_color_gradient_end=&#8221;#58d0ff&#8221; background_image=&#8221;https:\/\/weknowhow.uk\/wp-content\/uploads\/2023\/03\/shaking-hands.jpg&#8221; custom_padding=&#8221;200px|0px|200px|0px|true|false&#8221; custom_padding_tablet=&#8221;120px||120px||true|false&#8221; custom_padding_phone=&#8221;70px||70px|0px|true|false&#8221; bottom_divider_style=&#8221;asymmetric3&#8243; bottom_divider_color=&#8221;#ffffff&#8221; global_colors_info=&#8221;{}&#8221;][et_pb_row custom_padding_last_edited=&#8221;on|tablet&#8221; _builder_version=&#8221;4.20.2&#8243; _module_preset=&#8221;default&#8221; custom_padding=&#8221;40px||40px||true|false&#8221; custom_padding_tablet=&#8221;40px||40px||true|false&#8221; custom_padding_phone=&#8221;40px||40px||true|false&#8221; global_colors_info=&#8221;{}&#8221;][et_pb_column type=&#8221;4_4&#8243; _builder_version=&#8221;4.20.2&#8243; _module_preset=&#8221;default&#8221; global_colors_info=&#8221;{}&#8221;][\/et_pb_column][\/et_pb_row][\/et_pb_section][et_pb_section fb_built=&#8221;1&#8243; admin_label=&#8221;Policies&#8221; _builder_version=&#8221;4.16&#8243; background_color=&#8221;rgba(255,255,255,0)&#8221; custom_padding=&#8221;0|0px|58px|0px|false|false&#8221; global_colors_info=&#8221;{}&#8221;][et_pb_row column_structure=&#8221;1_3,1_3,1_3&#8243; _builder_version=&#8221;4.16&#8243; custom_margin=&#8221;-80px|||&#8221; custom_margin_tablet=&#8221;&#8221; custom_margin_phone=&#8221;&#8221; custom_margin_last_edited=&#8221;on|tablet&#8221; custom_padding=&#8221;0|0px|27px|0px|false|false&#8221; global_colors_info=&#8221;{}&#8221;][et_pb_column type=&#8221;1_3&#8243; _builder_version=&#8221;4.16&#8243; custom_padding=&#8221;|||&#8221; global_colors_info=&#8221;{}&#8221; custom_padding__hover=&#8221;|||&#8221;][et_pb_blurb title=&#8221;M\u0101jok\u013ca apdro\u0161in\u0101\u0161ana&#8221; use_icon=&#8221;on&#8221; font_icon=&#8221;&#xe074;||divi||400&#8243; icon_color=&#8221;#2D3D8A&#8221; _builder_version=&#8221;4.20.2&#8243; _module_preset=&#8221;f8f650a5-1d35-4863-9000-9097889064a8&#8243; hover_enabled=&#8221;0&#8243; global_colors_info=&#8221;{}&#8221; sticky_enabled=&#8221;0&#8243;][\/et_pb_blurb][\/et_pb_column][et_pb_column type=&#8221;1_3&#8243; _builder_version=&#8221;4.16&#8243; custom_padding=&#8221;|||&#8221; global_colors_info=&#8221;{}&#8221; custom_padding__hover=&#8221;|||&#8221;][et_pb_blurb title=&#8221;Kritisko slim\u012bbu apdro\u0161in\u0101\u0161ana&#8221; use_icon=&#8221;on&#8221; font_icon=&#8221;&#xf487;||fa||900&#8243; icon_color=&#8221;#2D3D8A&#8221; _builder_version=&#8221;4.20.2&#8243; _module_preset=&#8221;f8f650a5-1d35-4863-9000-9097889064a8&#8243; locked=&#8221;off&#8221; global_colors_info=&#8221;{}&#8221;][\/et_pb_blurb][\/et_pb_column][et_pb_column type=&#8221;1_3&#8243; _builder_version=&#8221;4.16&#8243; custom_padding=&#8221;|||&#8221; global_colors_info=&#8221;{}&#8221; custom_padding__hover=&#8221;|||&#8221;][et_pb_blurb title=&#8221;Dz\u012bv\u012bbas apdro\u0161in\u0101\u0161ana&#8221; use_icon=&#8221;on&#8221; font_icon=&#8221;&#xf21e;||fa||900&#8243; icon_color=&#8221;#2D3D8A&#8221; _builder_version=&#8221;4.20.2&#8243; _module_preset=&#8221;f8f650a5-1d35-4863-9000-9097889064a8&#8243; locked=&#8221;off&#8221; global_colors_info=&#8221;{}&#8221;][\/et_pb_blurb][\/et_pb_column][\/et_pb_row][et_pb_row column_structure=&#8221;1_3,1_3,1_3&#8243; _builder_version=&#8221;4.16&#8243; global_colors_info=&#8221;{}&#8221;][et_pb_column type=&#8221;1_3&#8243; _builder_version=&#8221;4.16&#8243; custom_padding=&#8221;|||&#8221; global_colors_info=&#8221;{}&#8221; custom_padding__hover=&#8221;|||&#8221;][et_pb_blurb title=&#8221;Ien\u0101kumu aizsardz\u012bbas apdro\u0161in\u0101\u0161ana&#8221; use_icon=&#8221;on&#8221; font_icon=&#8221;&#xf555;||fa||900&#8243; icon_color=&#8221;#2D3D8A&#8221; _builder_version=&#8221;4.20.2&#8243; _module_preset=&#8221;f8f650a5-1d35-4863-9000-9097889064a8&#8243; global_colors_info=&#8221;{}&#8221;][\/et_pb_blurb][\/et_pb_column][et_pb_column type=&#8221;1_3&#8243; _builder_version=&#8221;4.16&#8243; custom_padding=&#8221;|||&#8221; global_colors_info=&#8221;{}&#8221; custom_padding__hover=&#8221;|||&#8221;][et_pb_blurb title=&#8221;Hipot\u0113kas apdro\u0161in\u0101\u0161ana&#8221; use_icon=&#8221;on&#8221; font_icon=&#8221;&#xf6f1;||fa||900&#8243; icon_color=&#8221;#2D3D8A&#8221; _builder_version=&#8221;4.20.2&#8243; _module_preset=&#8221;f8f650a5-1d35-4863-9000-9097889064a8&#8243; locked=&#8221;off&#8221; global_colors_info=&#8221;{}&#8221;][\/et_pb_blurb][\/et_pb_column][et_pb_column type=&#8221;1_3&#8243; _builder_version=&#8221;4.16&#8243; custom_padding=&#8221;|||&#8221; global_colors_info=&#8221;{}&#8221; custom_padding__hover=&#8221;|||&#8221;][et_pb_blurb title=&#8221;Uz\u0146\u0113muma apdro\u0161in\u0101\u0161ana&#8221; use_icon=&#8221;on&#8221; font_icon=&#8221;&#xf64a;||fa||900&#8243; icon_color=&#8221;#2D3D8A&#8221; _builder_version=&#8221;4.20.2&#8243; _module_preset=&#8221;f8f650a5-1d35-4863-9000-9097889064a8&#8243; locked=&#8221;off&#8221; global_colors_info=&#8221;{}&#8221;][\/et_pb_blurb][\/et_pb_column][\/et_pb_row][et_pb_row column_structure=&#8221;1_3,1_3,1_3&#8243; _builder_version=&#8221;4.16&#8243; global_colors_info=&#8221;{}&#8221;][et_pb_column type=&#8221;1_3&#8243; _builder_version=&#8221;4.16&#8243; custom_padding=&#8221;|||&#8221; global_colors_info=&#8221;{}&#8221; custom_padding__hover=&#8221;|||&#8221;][et_pb_blurb title=&#8221;Priv\u0101t\u0101 vesel\u012bbas apdro\u0161in\u0101\u0161ana&#8221; use_icon=&#8221;on&#8221; font_icon=&#8221;&#xf0f0;||fa||900&#8243; icon_color=&#8221;#2D3D8A&#8221; _builder_version=&#8221;4.20.2&#8243; _module_preset=&#8221;f8f650a5-1d35-4863-9000-9097889064a8&#8243; global_colors_info=&#8221;{}&#8221;][\/et_pb_blurb][\/et_pb_column][et_pb_column type=&#8221;1_3&#8243; _builder_version=&#8221;4.16&#8243; custom_padding=&#8221;|||&#8221; global_colors_info=&#8221;{}&#8221; custom_padding__hover=&#8221;|||&#8221;][et_pb_blurb title=&#8221;Iz\u012br\u0113t\u0101ja \u012bpa\u0161uma apdro\u0161in\u0101\u0161ana&#8221; use_icon=&#8221;on&#8221; font_icon=&#8221;&#xe065;||fa||900&#8243; icon_color=&#8221;#2D3D8A&#8221; _builder_version=&#8221;4.20.2&#8243; _module_preset=&#8221;f8f650a5-1d35-4863-9000-9097889064a8&#8243; locked=&#8221;off&#8221; global_colors_info=&#8221;{}&#8221;][\/et_pb_blurb][\/et_pb_column][et_pb_column type=&#8221;1_3&#8243; _builder_version=&#8221;4.16&#8243; custom_padding=&#8221;|||&#8221; global_colors_info=&#8221;{}&#8221; custom_padding__hover=&#8221;|||&#8221;][et_pb_blurb title=&#8221;Nelaimes gad\u012bjumu apdro\u0161in\u0101\u0161ana&#8221; use_icon=&#8221;on&#8221; font_icon=&#8221;&#xf5e1;||fa||900&#8243; icon_color=&#8221;#2D3D8A&#8221; _builder_version=&#8221;4.20.2&#8243; _module_preset=&#8221;f8f650a5-1d35-4863-9000-9097889064a8&#8243; locked=&#8221;off&#8221; global_colors_info=&#8221;{}&#8221;][\/et_pb_blurb][\/et_pb_column][\/et_pb_row][et_pb_row _builder_version=&#8221;4.20.2&#8243; _module_preset=&#8221;default&#8221; background_enable_image=&#8221;off&#8221; custom_padding=&#8221;||||false|false&#8221; animation_style=&#8221;zoom&#8221; global_colors_info=&#8221;{}&#8221;][et_pb_column type=&#8221;4_4&#8243; _builder_version=&#8221;4.20.2&#8243; _module_preset=&#8221;default&#8221; global_colors_info=&#8221;{}&#8221;][et_pb_image src=&#8221;https:\/\/weknowhow.uk\/wp-content\/uploads\/2023\/03\/protect-home.jpg&#8221; title_text=&#8221;aizsarg\u0101t m\u0101jas&#8221; _builder_version=&#8221;4.27.4&#8243; _module_preset=&#8221;default&#8221; global_colors_info=&#8221;{}&#8221;][\/et_pb_image][\/et_pb_column][\/et_pb_row][\/et_pb_section][et_pb_section fb_built=&#8221;1&#8243; admin_label=&#8221;Bundles&#8221; _builder_version=&#8221;4.27.4&#8243; background_color=&#8221;#E8ECF8&#8243; background_image=&#8221;https:\/\/weknowhow.uk\/wp-content\/uploads\/2022\/10\/financial-advisor-07.jpg&#8221; custom_padding=&#8221;3px||150px||false|false&#8221; top_divider_style=&#8221;asymmetric3&#8243; top_divider_color=&#8221;#FFFFFF&#8221; top_divider_height=&#8221;350px&#8221; top_divider_repeat=&#8221;1x&#8221; bottom_divider_color=&#8221;#000000&#8243; global_colors_info=&#8221;{}&#8221;][et_pb_row column_structure=&#8221;1_4,3_4&#8243; _builder_version=&#8221;4.20.2&#8243; animation_style=&#8221;zoom&#8221; animation_direction=&#8221;bottom&#8221; global_colors_info=&#8221;{}&#8221;][et_pb_column type=&#8221;1_4&#8243; _builder_version=&#8221;4.16&#8243; custom_padding=&#8221;|||&#8221; global_colors_info=&#8221;{}&#8221; custom_padding__hover=&#8221;|||&#8221;][\/et_pb_column][et_pb_column type=&#8221;3_4&#8243; _builder_version=&#8221;4.20.2&#8243; background_color=&#8221;#FFFFFF&#8221; custom_padding=&#8221;30px|30px|30px|30px|true|true&#8221; border_radii=&#8221;on|20px|20px|20px|20px&#8221; box_shadow_style=&#8221;preset1&#8243; global_colors_info=&#8221;{}&#8221; custom_padding__hover=&#8221;|||&#8221;][et_pb_divider color=&#8221;#006ef4&#8243; divider_weight=&#8221;3px&#8221; _builder_version=&#8221;4.16&#8243; max_width=&#8221;100px&#8221; custom_margin=&#8221;||0px|&#8221; locked=&#8221;off&#8221; global_colors_info=&#8221;{}&#8221;][\/et_pb_divider][et_pb_text _builder_version=&#8221;4.27.6&#8243; text_font=&#8221;|300|||||||&#8221; text_font_size=&#8221;16px&#8221; text_line_height=&#8221;2em&#8221; header_font=&#8221;||||||||&#8221; header_2_font=&#8221;||||||||&#8221; header_2_font_size=&#8221;36px&#8221; header_2_line_height=&#8221;1.4em&#8221; hover_enabled=&#8221;0&#8243; text_font_size_tablet=&#8221;16px&#8221; text_font_size_phone=&#8221;14px&#8221; text_font_size_last_edited=&#8221;on|phone&#8221; header_2_font_size_tablet=&#8221;30px&#8221; header_2_font_size_phone=&#8221;24px&#8221; header_2_font_size_last_edited=&#8221;on|phone&#8221; locked=&#8221;off&#8221; global_colors_info=&#8221;{}&#8221; sticky_enabled=&#8221;0&#8243;]<\/p>\n<p><span style=\"font-weight: 400;\">M\u0113s visi v\u0113lamies saviem tuviniekiem gai\u0161u n\u0101kotni. M\u0113s varam pal\u012bdz\u0113t jums pasarg\u0101t j\u016bsu un j\u016bsu tuvinieku finansi\u0101lo n\u0101kotni. Vai esat k\u0101dreiz dom\u0101ju\u0161i, ko dar\u012btu, ja r\u012bt zaud\u0113tu savus ien\u0101kumus? K\u0101 j\u016bs izdz\u012bvotu un nodro\u0161in\u0101tu, lai j\u016bsu \u0123imene b\u016btu finansi\u0101li pasarg\u0101ta? Ien\u0101kumu aizsardz\u012bbas apdro\u0161in\u0101\u0161ana b\u016btu j\u0101uzskata par nepiecie\u0161amu, \u012bpa\u0161i tad, ja jums ir \u0123imene vai cilv\u0113ki, kuri pa\u013caujas uz j\u016bsu ien\u0101kumiem. Ir svar\u012bgi savlaic\u012bgi padom\u0101t par to, k\u0101 n\u0101kotn\u0113 pasarg\u0101t savu \u0123imeni un finanses.      Par r\u012btdienu dom\u0101jiet jau \u0161odien! <\/span><\/p>\n<p><span style=\"font-weight: 400;\">Pat ja jau esat padom\u0101ju\u0161i par savu aizsardz\u012bbu un jums jau ir nosl\u0113gtas polises, ir \u0101rk\u0101rt\u012bgi svar\u012bgi p\u0101rbaud\u012bt, vai \u0161\u012bs polises atbilst j\u016bsu un j\u016bsu \u0123imenes vajadz\u012bb\u0101m, k\u0101 ar\u012b apst\u0101k\u013ciem, k\u0101dos var tikt veikta izmaksu sa\u0146em\u0161ana. Ir \u013coti svar\u012bgi p\u0101rskat\u012bt eso\u0161\u0101s polises, lai p\u0101rliecin\u0101tos, ka t\u0101s joproj\u0101m atbilst j\u016bsu pa\u0161reiz\u0113j\u0101m vajadz\u012bb\u0101m. <\/span><\/p>\n<p><span style=\"font-weight: 400;\">M\u0113s esam profesion\u0101\u013cu komanda, kas koncentr\u0113jas uz pal\u012bdz\u012bbu cilv\u0113kiem vi\u0146u n\u0101kotnes nodro\u0161in\u0101\u0161an\u0101. M\u0113s lepojamies ar to, ka sniedzam god\u012bgus, profesion\u0101lus un objekt\u012bvus padomus bez jebk\u0101d\u0101m saist\u012bb\u0101m. M\u0113s stingri ticam individu\u0101las pieejas un personaliz\u0113tu konsult\u0101ciju v\u0113rt\u012bbai. Mums ir licence ieteikt lielisku aizsardz\u012bbas produktu kl\u0101stu, kas pieejams Apvienot\u0101s Karalistes tirg\u016b.    M\u0113s varam konsult\u0113t par ien\u0101kumu aizsardz\u012bbas apdro\u0161in\u0101\u0161anu, nelaimes gad\u012bjumu apdro\u0161in\u0101\u0161anu, dz\u012bv\u012bbas apdro\u0161in\u0101\u0161anu, kritisko slim\u012bbu apdro\u0161in\u0101\u0161anu, hipot\u0113kas aizsardz\u012bbu, m\u0101jok\u013ca apdro\u0161in\u0101\u0161anu, iz\u012br\u0113t\u0101ja aizsardz\u012bbu, komerci\u0101lo apdro\u0161in\u0101\u0161anu un pusprofesion\u0101lu sportistu apdro\u0161in\u0101\u0161anu. <\/span><\/p>\n<p><span style=\"font-weight: 400;\">Vai zin\u0101j\u0101t, ka darba dev\u0113jiem nav pien\u0101kuma maks\u0101t slim\u012bbas naudu? Valsts pabalsts, kas paz\u012bstams k\u0101 Statutory Sick Pay, ir \u00a3118.75 ned\u0113\u013c\u0101 bruto apm\u0113r\u0101 un tiek maks\u0101ts tikai l\u012bdz 28 ned\u0113\u013c\u0101m. Un kas p\u0113c tam? Ja j\u016bs zaud\u0113tu savus ien\u0101kumus nelaimes gad\u012bjuma vai slim\u012bbas d\u0113\u013c, ar \u0161\u0101du summu b\u016btu \u013coti gr\u016bti izdz\u012bvot un segt visus ikdienas izdevumus. Ien\u0101kumu aizsardz\u012bbas apdro\u0161in\u0101\u0161ana nodro\u0161in\u0101s jums nodok\u013cu neapliekamus aizvietojo\u0161us ien\u0101kumus l\u012bdz pat 70% no j\u016bsu pa\u0161reiz\u0113j\u0101s bruto algas. Dz\u012bv\u012bbas apdro\u0161in\u0101\u0161ana pal\u012bdz nodro\u0161in\u0101t finansi\u0101lu dro\u0161\u012bbu cilv\u0113kiem, kuri ir atkar\u012bgi no jums, ja j\u016bs aizietu m\u016b\u017e\u012bb\u0101. Kritisko slim\u012bbu apdro\u0161in\u0101\u0161ana izmaks\u0101 vienreiz\u0113ju, nodok\u013cu neapliekamu summu, ja tiek diagnostic\u0113ta k\u0101da nopietna saslim\u0161ana, tostarp v\u0113zis, insults, sirdsl\u0113kme, multipl\u0101 skleroze, nepiecie\u0161am\u012bba p\u0113c oper\u0101cij\u0101m un daudzas citas slim\u012bbas.      <\/span><\/p>\n<p><span style=\"font-weight: 400;\">Ja jums ir k\u0101di jaut\u0101jumi, l\u016bdzu, sazinieties ar mums. <\/span><\/p>\n<p><span style=\"font-weight: 400;\">*Vis\u0101m hipot\u0113ku, ien\u0101kumu aizsardz\u012bbas un apdro\u0161in\u0101\u0161anas polis\u0113m m\u0113s izmantojam Tavistock Protect, FCA numurs 575993.* <\/span><\/p>\n<p><span style=\"font-weight: 400;\">Par visiem jaut\u0101jumiem saist\u012bb\u0101 ar eso\u0161aj\u0101m aizsardz\u012bbas polis\u0113m un jaun\u0101m polis\u0113m, l\u016bdzu, sazinieties ar Jaroslavu Tsukarjovu pa t\u0101lruni 07500044332 vai rakstiet uz e-pastu <\/span><a href=\"mailto:j.tsukarjov@tavistockprotect.com\">j.tsukarjov@tavistockprotect.com<\/a><\/p>\n<p>[\/et_pb_text][et_pb_button button_url=&#8221;@ET-DC@eyJkeW5hbWljIjp0cnVlLCJjb250ZW50IjoicG9zdF9saW5rX3VybF9wYWdlIiwic2V0dGluZ3MiOnsicG9zdF9pZCI6IjM4NSIsImVuYWJsZV9odG1sIjoib2ZmIn19@&#8221; button_text=&#8221;Sazinieties ar mums&#8221; _builder_version=&#8221;4.27.6&#8243; _dynamic_attributes=&#8221;button_url&#8221; custom_button=&#8221;on&#8221; button_text_size=&#8221;14px&#8221; button_text_color=&#8221;#ffffff&#8221; button_bg_color=&#8221;#003bde&#8221; button_border_width=&#8221;0px&#8221; button_border_radius=&#8221;4px&#8221; button_letter_spacing=&#8221;1px&#8221; button_font=&#8221;|||on|||||&#8221; background_layout=&#8221;dark&#8221; custom_margin=&#8221;|||&#8221; custom_padding=&#8221;16px|40px|16px|40px|true|true&#8221; hover_enabled=&#8221;0&#8243; button_border_radius_hover=&#8221;4px&#8221; button_letter_spacing_hover=&#8221;1px&#8221; button_bg_color_hover=&#8221;#0053ef&#8221; locked=&#8221;off&#8221; global_colors_info=&#8221;{}&#8221; button_text_size__hover_enabled=&#8221;off&#8221; button_one_text_size__hover_enabled=&#8221;off&#8221; button_two_text_size__hover_enabled=&#8221;off&#8221; button_text_color__hover_enabled=&#8221;off&#8221; button_one_text_color__hover_enabled=&#8221;off&#8221; button_two_text_color__hover_enabled=&#8221;off&#8221; button_border_width__hover_enabled=&#8221;off&#8221; button_one_border_width__hover_enabled=&#8221;off&#8221; button_two_border_width__hover_enabled=&#8221;off&#8221; button_border_color__hover_enabled=&#8221;off&#8221; button_one_border_color__hover_enabled=&#8221;off&#8221; button_two_border_color__hover_enabled=&#8221;off&#8221; button_border_radius__hover_enabled=&#8221;on&#8221; button_border_radius__hover=&#8221;4px&#8221; button_one_border_radius__hover_enabled=&#8221;off&#8221; button_two_border_radius__hover_enabled=&#8221;off&#8221; button_letter_spacing__hover_enabled=&#8221;on&#8221; button_letter_spacing__hover=&#8221;1px&#8221; button_one_letter_spacing__hover_enabled=&#8221;off&#8221; button_two_letter_spacing__hover_enabled=&#8221;off&#8221; button_bg_color__hover_enabled=&#8221;on&#8221; button_bg_color__hover=&#8221;#0053ef&#8221; button_one_bg_color__hover_enabled=&#8221;off&#8221; button_two_bg_color__hover_enabled=&#8221;off&#8221; sticky_enabled=&#8221;0&#8243;][\/et_pb_button][\/et_pb_column][\/et_pb_row][\/et_pb_section]<\/p>\n","protected":false},"excerpt":{"rendered":"<p>M\u0113s visi v\u0113lamies saviem tuviniekiem gai\u0161u n\u0101kotni. M\u0113s varam pal\u012bdz\u0113t jums pasarg\u0101t j\u016bsu un j\u016bsu tuvinieku finansi\u0101lo n\u0101kotni. Vai esat k\u0101dreiz dom\u0101ju\u0161i, ko dar\u012btu, ja r\u012bt zaud\u0113tu savus ien\u0101kumus? K\u0101 j\u016bs izdz\u012bvotu un nodro\u0161in\u0101tu, lai j\u016bsu \u0123imene b\u016btu finansi\u0101li pasarg\u0101ta? Ien\u0101kumu aizsardz\u012bbas apdro\u0161in\u0101\u0161ana b\u016btu j\u0101uzskata par nepiecie\u0161amu, \u012bpa\u0161i tad, ja jums ir \u0123imene vai cilv\u0113ki, [&hellip;]<\/p>\n","protected":false},"author":1,"featured_media":0,"parent":0,"menu_order":0,"comment_status":"closed","ping_status":"closed","template":"","meta":{"_et_pb_use_builder":"on","_et_pb_old_content":"","_et_gb_content_width":"","footnotes":""},"class_list":["post-1558","page","type-page","status-publish","hentry"],"_links":{"self":[{"href":"https:\/\/weknowhow.uk\/lv\/wp-json\/wp\/v2\/pages\/1558","targetHints":{"allow":["GET"]}}],"collection":[{"href":"https:\/\/weknowhow.uk\/lv\/wp-json\/wp\/v2\/pages"}],"about":[{"href":"https:\/\/weknowhow.uk\/lv\/wp-json\/wp\/v2\/types\/page"}],"author":[{"embeddable":true,"href":"https:\/\/weknowhow.uk\/lv\/wp-json\/wp\/v2\/users\/1"}],"replies":[{"embeddable":true,"href":"https:\/\/weknowhow.uk\/lv\/wp-json\/wp\/v2\/comments?post=1558"}],"version-history":[{"count":8,"href":"https:\/\/weknowhow.uk\/lv\/wp-json\/wp\/v2\/pages\/1558\/revisions"}],"predecessor-version":[{"id":1803,"href":"https:\/\/weknowhow.uk\/lv\/wp-json\/wp\/v2\/pages\/1558\/revisions\/1803"}],"wp:attachment":[{"href":"https:\/\/weknowhow.uk\/lv\/wp-json\/wp\/v2\/media?parent=1558"}],"curies":[{"name":"wp","href":"https:\/\/api.w.org\/{rel}","templated":true}]}}