{"id":1547,"date":"2023-03-16T18:49:08","date_gmt":"2023-03-16T18:49:08","guid":{"rendered":"https:\/\/weknowhow.uk\/pensijas\/"},"modified":"2026-04-03T12:26:52","modified_gmt":"2026-04-03T12:26:52","slug":"pensijas","status":"publish","type":"page","link":"https:\/\/weknowhow.uk\/lv\/pensijas\/","title":{"rendered":"Pensijas"},"content":{"rendered":"<p>[et_pb_section fb_built=&#8221;1&#8243; next_background_color=&#8221;#ffffff&#8221; admin_label=&#8221;Hero&#8221; _builder_version=&#8221;4.27.4&#8243; background_enable_color=&#8221;off&#8221; use_background_color_gradient=&#8221;on&#8221; background_color_gradient_direction=&#8221;160deg&#8221; background_color_gradient_stops=&#8221;rgba(57,58,67,0.7) 1%|rgba(57,58,67,0.53) 100%&#8221; background_color_gradient_overlays_image=&#8221;on&#8221; background_color_gradient_start=&#8221;#003bde&#8221; background_color_gradient_end=&#8221;#58d0ff&#8221; background_image=&#8221;https:\/\/weknowhow.uk\/wp-content\/uploads\/2023\/03\/protect-your-future.jpg&#8221; background_position=&#8221;top_center&#8221; custom_padding=&#8221;274px||274px||true|&#8221; bottom_divider_style=&#8221;ramp2&#8243; bottom_divider_height=&#8221;20%&#8221; bottom_divider_height_tablet=&#8221;&#8221; bottom_divider_height_phone=&#8221;&#8221; bottom_divider_height_last_edited=&#8221;on|phone&#8221; global_colors_info=&#8221;{}&#8221;][et_pb_row _builder_version=&#8221;4.20.2&#8243; custom_padding=&#8221;90px||63px|||&#8221; global_colors_info=&#8221;{}&#8221;][et_pb_column type=&#8221;4_4&#8243; _builder_version=&#8221;4.16&#8243; custom_padding=&#8221;|||&#8221; global_colors_info=&#8221;{}&#8221; custom_padding__hover=&#8221;|||&#8221;][\/et_pb_column][\/et_pb_row][\/et_pb_section][et_pb_section fb_built=&#8221;1&#8243; admin_label=&#8221;About Us&#8221; _builder_version=&#8221;4.20.2&#8243; custom_padding=&#8221;60px||60px||true|false&#8221; global_colors_info=&#8221;{}&#8221;][et_pb_row column_structure=&#8221;1_2,1_2&#8243; _builder_version=&#8221;4.20.2&#8243; _module_preset=&#8221;default&#8221; animation_style=&#8221;zoom&#8221; global_colors_info=&#8221;{}&#8221;][et_pb_column type=&#8221;1_2&#8243; _builder_version=&#8221;4.19.0&#8243; _module_preset=&#8221;default&#8221; global_colors_info=&#8221;{}&#8221;][et_pb_text _builder_version=&#8221;4.27.6&#8243; text_font=&#8221;|300|||||||&#8221; text_line_height=&#8221;1.8em&#8221; header_font=&#8221;||||||||&#8221; header_2_font=&#8221;||||||||&#8221; header_3_font=&#8221;||||||||&#8221; header_3_font_size=&#8221;24px&#8221; header_3_line_height=&#8221;1.4em&#8221; header_4_font=&#8221;||||||||&#8221; header_4_line_height=&#8221;1.4em&#8221; hover_enabled=&#8221;0&#8243; header_2_font_size_tablet=&#8221;30px&#8221; header_2_font_size_phone=&#8221;24px&#8221; header_2_font_size_last_edited=&#8221;off|desktop&#8221; header_3_font_size_tablet=&#8221;30px&#8221; header_3_font_size_phone=&#8221;24px&#8221; header_3_font_size_last_edited=&#8221;off|desktop&#8221; locked=&#8221;off&#8221; global_colors_info=&#8221;{}&#8221; sticky_enabled=&#8221;0&#8243;]<\/p>\n<p><span style=\"font-weight: 400;\">Valsts pensija un darba dev\u0113ja pensiju sh\u0113mas Apvienotaj\u0101 Karalist\u0113 ir \u013coti aktu\u0101la t\u0113ma daudziem cilv\u0113kiem. M\u016bsu klienti bie\u017ei jaut\u0101: Vai man vajadz\u0113tu veikt iemaksas darba dev\u0113ja pensiju sh\u0113m\u0101? Kas notiks ar manis uzkr\u0101to summu, ja es nomir\u0161u? K\u0101 es var\u0113\u0161u sa\u0146emt savu pensiju bez nodok\u013ciem, sasniedzot noteikto pension\u0113\u0161an\u0101s vecumu? Jaut\u0101jumu ir daudz, ta\u010du bie\u017ei vien ir \u013coti gr\u016bti ieg\u016bt prec\u012bzu un pareizu inform\u0101ciju. Cilv\u0113ki bie\u017ei baid\u0101s veikt iemaksas priv\u0101tajos pensiju pl\u0101nos, jo liel\u0101koties vi\u0146iem nav pied\u0101v\u0101ta profesion\u0101la konsult\u0101cija. K\u0101 jau iepriek\u0161 min\u0113ts, valodas barjera bie\u017ei apgr\u016btina izpratni par to, k\u0101 Apvienotaj\u0101 Karalist\u0113 darbojas pensiju sist\u0113ma.       Ir daudz da\u017e\u0101du pensiju pakalpojumu sniedz\u0113ju, uz\u0146\u0113mumu un brokeru, ta\u010du m\u0113s k\u0101 klienti vienm\u0113r v\u0113lamies sa\u0146emt visaptvero\u0161u un detaliz\u0113tu konsult\u0101ciju sav\u0101 valod\u0101, lai saprastu, kas notiek ar m\u016bsu ieguld\u012bjumu l\u012bdzek\u013ciem un k\u0101 tie var uzkr\u0101ties un pieaugt. <\/span><\/p>\n<p><span style=\"font-weight: 400;\">*Visos ar pensij\u0101m saist\u012btajos jaut\u0101jumos m\u0113s sadarbojamies ar Tavistock Protect (FCA numurs 575993).* <\/span><\/p>\n<p>[\/et_pb_text][\/et_pb_column][et_pb_column type=&#8221;1_2&#8243; _builder_version=&#8221;4.19.0&#8243; _module_preset=&#8221;default&#8221; global_colors_info=&#8221;{}&#8221;][et_pb_image src=&#8221;https:\/\/weknowhow.uk\/wp-content\/uploads\/2023\/03\/peace-of-mind.jpg&#8221; title_text=&#8221;miers un labs pr\u0101ts&#8221; _builder_version=&#8221;4.27.4&#8243; _module_preset=&#8221;default&#8221; custom_margin=&#8221;40px|||||&#8221; global_colors_info=&#8221;{}&#8221;][\/et_pb_image][\/et_pb_column][\/et_pb_row][\/et_pb_section][et_pb_section fb_built=&#8221;1&#8243; prev_background_color=&#8221;#ffffff&#8221; admin_label=&#8221;Contact&#8221; _builder_version=&#8221;4.20.2&#8243; background_color=&#8221;#012780&#8243; use_background_color_gradient=&#8221;on&#8221; background_color_gradient_stops=&#8221;#012780 0%|rgba(1,39,128,0) 60%&#8221; background_color_gradient_overlays_image=&#8221;on&#8221; background_color_gradient_start=&#8221;#012780&#8243; background_color_gradient_end=&#8221;rgba(1,39,128,0)&#8221; background_color_gradient_end_position=&#8221;60%&#8221; background_image=&#8221;https:\/\/forweston.co.uk\/wp-content\/uploads\/2022\/10\/insurance-01.png&#8221; background_size=&#8221;initial&#8221; custom_padding=&#8221;54px|3px|120px|0px|false|false&#8221; top_divider_style=&#8221;arrow3&#8243; global_colors_info=&#8221;{}&#8221;][et_pb_row _builder_version=&#8221;4.16&#8243; background_color=&#8221;#ffffff&#8221; custom_margin=&#8221;80px|auto||auto||&#8221; custom_padding=&#8221;80px|6%|80px|6%|true|true&#8221; animation_style=&#8221;zoom&#8221; animation_intensity_zoom=&#8221;-5%&#8221; animation_speed_curve=&#8221;ease-in&#8221; border_radii=&#8221;on|10px|10px|10px|10px&#8221; box_shadow_style=&#8221;preset1&#8243; box_shadow_vertical=&#8221;40px&#8221; box_shadow_blur=&#8221;80px&#8221; box_shadow_color=&#8221;rgba(55,104,238,0.15)&#8221; global_colors_info=&#8221;{}&#8221;][et_pb_column type=&#8221;4_4&#8243; _builder_version=&#8221;4.16&#8243; custom_padding=&#8221;|||&#8221; global_colors_info=&#8221;{}&#8221; custom_padding__hover=&#8221;|||&#8221;][et_pb_text _builder_version=&#8221;4.20.2&#8243; text_font=&#8221;Montserrat|300|||||||&#8221; text_font_size=&#8221;16px&#8221; text_line_height=&#8221;2em&#8221; header_font=&#8221;||||||||&#8221; header_2_font=&#8221;||||||||&#8221; header_2_font_size=&#8221;36px&#8221; header_2_line_height=&#8221;1.4em&#8221; text_orientation=&#8221;center&#8221; max_width=&#8221;700px&#8221; module_alignment=&#8221;center&#8221; custom_margin=&#8221;||60px|&#8221; hover_enabled=&#8221;0&#8243; header_2_font_size_tablet=&#8221;30px&#8221; header_2_font_size_phone=&#8221;24px&#8221; header_2_font_size_last_edited=&#8221;on|phone&#8221; locked=&#8221;off&#8221; global_colors_info=&#8221;{}&#8221; sticky_enabled=&#8221;0&#8243;]<\/p>\n<h2>Sazinieties ar mums<\/h2>\n<p>[\/et_pb_text][et_pb_contact_form email=&#8221;weknowhowteam@gmail.com&#8221; custom_message=&#8221;Forweston||et_pb_line_break_holder||Message From :||et_pb_line_break_holder||Name: %%Name%%||et_pb_line_break_holder||Email: %%Email%%||et_pb_line_break_holder||Mob.: %%Phone%%||et_pb_line_break_holder||||et_pb_line_break_holder||Message: %%Message%%&#8221; success_message=&#8221;Zi\u0146ojums ir veiksm\u012bgi nos\u016bt\u012bts! Paldies, ka sazin\u0101j\u0101ties ar mums. &#8221; submit_button_text=&#8221;S\u016bt\u012bt&#8221; module_id=&#8221;et_pb_contact_form_0&#8243; _builder_version=&#8221;4.27.6&#8243; form_field_background_color=&#8221;rgba(0,0,0,0)&#8221; form_field_font=&#8221;||||||||&#8221; custom_button=&#8221;on&#8221; button_text_size=&#8221;14px&#8221; button_text_color=&#8221;#ffffff&#8221; button_bg_color=&#8221;#003bde&#8221; button_border_width=&#8221;10px&#8221; button_border_color=&#8221;rgba(0,0,0,0)&#8221; button_border_radius=&#8221;4px&#8221; button_letter_spacing=&#8221;1px&#8221; button_font=&#8221;|||on|||||&#8221; hover_enabled=&#8221;0&#8243; border_radii=&#8221;on|6px|6px|6px|6px&#8221; border_width_all=&#8221;2px&#8221; border_color_all=&#8221;rgba(51,51,51,0.06)&#8221; form_background_color=&#8221;rgba(0,0,0,0)&#8221; global_colors_info=&#8221;{}&#8221; sticky_enabled=&#8221;0&#8243;][et_pb_contact_field field_id=&#8221;Name&#8221; field_title=&#8221;V\u0101rds&#8221; _builder_version=&#8221;4.16&#8243; global_colors_info=&#8221;{}&#8221; button_text_size__hover_enabled=&#8221;off&#8221; button_one_text_size__hover_enabled=&#8221;off&#8221; button_two_text_size__hover_enabled=&#8221;off&#8221; button_text_color__hover_enabled=&#8221;off&#8221; button_one_text_color__hover_enabled=&#8221;off&#8221; button_two_text_color__hover_enabled=&#8221;off&#8221; button_border_width__hover_enabled=&#8221;off&#8221; button_one_border_width__hover_enabled=&#8221;off&#8221; button_two_border_width__hover_enabled=&#8221;off&#8221; button_border_color__hover_enabled=&#8221;off&#8221; button_one_border_color__hover_enabled=&#8221;off&#8221; button_two_border_color__hover_enabled=&#8221;off&#8221; button_border_radius__hover_enabled=&#8221;off&#8221; button_one_border_radius__hover_enabled=&#8221;off&#8221; button_two_border_radius__hover_enabled=&#8221;off&#8221; button_letter_spacing__hover_enabled=&#8221;off&#8221; button_one_letter_spacing__hover_enabled=&#8221;off&#8221; button_two_letter_spacing__hover_enabled=&#8221;off&#8221; button_bg_color__hover_enabled=&#8221;off&#8221; button_one_bg_color__hover_enabled=&#8221;off&#8221; button_two_bg_color__hover_enabled=&#8221;off&#8221;][\/et_pb_contact_field][et_pb_contact_field field_id=&#8221;Email&#8221; field_title=&#8221;E-pasta adrese&#8221; field_type=&#8221;email&#8221; _builder_version=&#8221;4.16&#8243; global_colors_info=&#8221;{}&#8221; button_text_size__hover_enabled=&#8221;off&#8221; button_one_text_size__hover_enabled=&#8221;off&#8221; button_two_text_size__hover_enabled=&#8221;off&#8221; button_text_color__hover_enabled=&#8221;off&#8221; button_one_text_color__hover_enabled=&#8221;off&#8221; button_two_text_color__hover_enabled=&#8221;off&#8221; button_border_width__hover_enabled=&#8221;off&#8221; button_one_border_width__hover_enabled=&#8221;off&#8221; button_two_border_width__hover_enabled=&#8221;off&#8221; button_border_color__hover_enabled=&#8221;off&#8221; button_one_border_color__hover_enabled=&#8221;off&#8221; button_two_border_color__hover_enabled=&#8221;off&#8221; button_border_radius__hover_enabled=&#8221;off&#8221; button_one_border_radius__hover_enabled=&#8221;off&#8221; button_two_border_radius__hover_enabled=&#8221;off&#8221; button_letter_spacing__hover_enabled=&#8221;off&#8221; button_one_letter_spacing__hover_enabled=&#8221;off&#8221; button_two_letter_spacing__hover_enabled=&#8221;off&#8221; button_bg_color__hover_enabled=&#8221;off&#8221; button_one_bg_color__hover_enabled=&#8221;off&#8221; button_two_bg_color__hover_enabled=&#8221;off&#8221;][\/et_pb_contact_field][et_pb_contact_field field_id=&#8221;Phone&#8221; field_title=&#8221;T\u0101lru\u0146a numurs&#8221; fullwidth_field=&#8221;on&#8221; _builder_version=&#8221;4.20.2&#8243; _module_preset=&#8221;default&#8221; global_colors_info=&#8221;{}&#8221;][\/et_pb_contact_field][et_pb_contact_field field_id=&#8221;Message&#8221; field_title=&#8221;Zi\u0146a&#8221; field_type=&#8221;text&#8221; fullwidth_field=&#8221;on&#8221; _builder_version=&#8221;4.16&#8243; global_colors_info=&#8221;{}&#8221; button_text_size__hover_enabled=&#8221;off&#8221; button_one_text_size__hover_enabled=&#8221;off&#8221; button_two_text_size__hover_enabled=&#8221;off&#8221; button_text_color__hover_enabled=&#8221;off&#8221; button_one_text_color__hover_enabled=&#8221;off&#8221; button_two_text_color__hover_enabled=&#8221;off&#8221; button_border_width__hover_enabled=&#8221;off&#8221; button_one_border_width__hover_enabled=&#8221;off&#8221; button_two_border_width__hover_enabled=&#8221;off&#8221; button_border_color__hover_enabled=&#8221;off&#8221; button_one_border_color__hover_enabled=&#8221;off&#8221; button_two_border_color__hover_enabled=&#8221;off&#8221; button_border_radius__hover_enabled=&#8221;off&#8221; button_one_border_radius__hover_enabled=&#8221;off&#8221; button_two_border_radius__hover_enabled=&#8221;off&#8221; button_letter_spacing__hover_enabled=&#8221;off&#8221; button_one_letter_spacing__hover_enabled=&#8221;off&#8221; button_two_letter_spacing__hover_enabled=&#8221;off&#8221; button_bg_color__hover_enabled=&#8221;off&#8221; button_one_bg_color__hover_enabled=&#8221;off&#8221; button_two_bg_color__hover_enabled=&#8221;off&#8221;][\/et_pb_contact_field][\/et_pb_contact_form][\/et_pb_column][\/et_pb_row][\/et_pb_section]<\/p>\n","protected":false},"excerpt":{"rendered":"<p>Valsts pensija un darba dev\u0113ja pensiju sh\u0113mas Apvienotaj\u0101 Karalist\u0113 ir \u013coti aktu\u0101la t\u0113ma daudziem cilv\u0113kiem. M\u016bsu klienti bie\u017ei jaut\u0101: Vai man vajadz\u0113tu veikt iemaksas darba dev\u0113ja pensiju sh\u0113m\u0101? Kas notiks ar manis uzkr\u0101to summu, ja es nomir\u0161u? K\u0101 es var\u0113\u0161u sa\u0146emt savu pensiju bez nodok\u013ciem, sasniedzot noteikto pension\u0113\u0161an\u0101s vecumu? Jaut\u0101jumu ir daudz, ta\u010du bie\u017ei vien [&hellip;]<\/p>\n","protected":false},"author":1,"featured_media":0,"parent":0,"menu_order":0,"comment_status":"closed","ping_status":"closed","template":"","meta":{"_et_pb_use_builder":"on","_et_pb_old_content":"","_et_gb_content_width":"","footnotes":""},"class_list":["post-1547","page","type-page","status-publish","hentry"],"_links":{"self":[{"href":"https:\/\/weknowhow.uk\/lv\/wp-json\/wp\/v2\/pages\/1547","targetHints":{"allow":["GET"]}}],"collection":[{"href":"https:\/\/weknowhow.uk\/lv\/wp-json\/wp\/v2\/pages"}],"about":[{"href":"https:\/\/weknowhow.uk\/lv\/wp-json\/wp\/v2\/types\/page"}],"author":[{"embeddable":true,"href":"https:\/\/weknowhow.uk\/lv\/wp-json\/wp\/v2\/users\/1"}],"replies":[{"embeddable":true,"href":"https:\/\/weknowhow.uk\/lv\/wp-json\/wp\/v2\/comments?post=1547"}],"version-history":[{"count":7,"href":"https:\/\/weknowhow.uk\/lv\/wp-json\/wp\/v2\/pages\/1547\/revisions"}],"predecessor-version":[{"id":1805,"href":"https:\/\/weknowhow.uk\/lv\/wp-json\/wp\/v2\/pages\/1547\/revisions\/1805"}],"wp:attachment":[{"href":"https:\/\/weknowhow.uk\/lv\/wp-json\/wp\/v2\/media?parent=1547"}],"curies":[{"name":"wp","href":"https:\/\/api.w.org\/{rel}","templated":true}]}}