{"id":824,"date":"2022-11-06T16:50:37","date_gmt":"2022-11-06T16:50:37","guid":{"rendered":"https:\/\/forweston.co.uk\/apsauga\/"},"modified":"2026-04-03T13:08:45","modified_gmt":"2026-04-03T13:08:45","slug":"apsauga","status":"publish","type":"page","link":"https:\/\/weknowhow.uk\/lt\/apsauga\/","title":{"rendered":"Apsauga"},"content":{"rendered":"<p>[et_pb_section fb_built=&#8221;1&#8243; custom_padding_last_edited=&#8221;on|tablet&#8221; admin_label=&#8221;Hero&#8221; _builder_version=&#8221;4.27.4&#8243; background_enable_color=&#8221;off&#8221; use_background_color_gradient=&#8221;on&#8221; background_color_gradient_direction=&#8221;160deg&#8221; background_color_gradient_stops=&#8221;rgba(57,58,67,0.7) 1%|rgba(57,58,67,0.53) 100%&#8221; background_color_gradient_overlays_image=&#8221;on&#8221; background_color_gradient_start=&#8221;#003bde&#8221; background_color_gradient_end=&#8221;#58d0ff&#8221; background_image=&#8221;https:\/\/weknowhow.uk\/wp-content\/uploads\/2023\/03\/shaking-hands.jpg&#8221; custom_padding=&#8221;200px|0px|200px|0px|true|false&#8221; custom_padding_tablet=&#8221;120px||120px||true|false&#8221; custom_padding_phone=&#8221;70px||70px|0px|true|false&#8221; bottom_divider_style=&#8221;asymmetric3&#8243; bottom_divider_color=&#8221;#ffffff&#8221; global_colors_info=&#8221;{}&#8221;][et_pb_row custom_padding_last_edited=&#8221;on|tablet&#8221; _builder_version=&#8221;4.20.2&#8243; _module_preset=&#8221;default&#8221; custom_padding=&#8221;40px||40px||true|false&#8221; custom_padding_tablet=&#8221;40px||40px||true|false&#8221; custom_padding_phone=&#8221;40px||40px||true|false&#8221; global_colors_info=&#8221;{}&#8221;][et_pb_column type=&#8221;4_4&#8243; _builder_version=&#8221;4.20.2&#8243; _module_preset=&#8221;default&#8221; global_colors_info=&#8221;{}&#8221;][\/et_pb_column][\/et_pb_row][\/et_pb_section][et_pb_section fb_built=&#8221;1&#8243; admin_label=&#8221;Policies&#8221; _builder_version=&#8221;4.16&#8243; background_color=&#8221;rgba(255,255,255,0)&#8221; custom_padding=&#8221;0|0px|58px|0px|false|false&#8221; global_colors_info=&#8221;{}&#8221;][et_pb_row column_structure=&#8221;1_3,1_3,1_3&#8243; _builder_version=&#8221;4.16&#8243; custom_margin=&#8221;-80px|||&#8221; custom_margin_tablet=&#8221;&#8221; custom_margin_phone=&#8221;&#8221; custom_margin_last_edited=&#8221;on|tablet&#8221; custom_padding=&#8221;0|0px|27px|0px|false|false&#8221; global_colors_info=&#8221;{}&#8221;][et_pb_column type=&#8221;1_3&#8243; _builder_version=&#8221;4.16&#8243; custom_padding=&#8221;|||&#8221; global_colors_info=&#8221;{}&#8221; custom_padding__hover=&#8221;|||&#8221;][et_pb_blurb title=&#8221;B\u016bsto draudimas&#8221; use_icon=&#8221;on&#8221; font_icon=&#8221;&#xe074;||divi||400&#8243; icon_color=&#8221;#2D3D8A&#8221; _builder_version=&#8221;4.20.2&#8243; _module_preset=&#8221;f8f650a5-1d35-4863-9000-9097889064a8&#8243; hover_enabled=&#8221;0&#8243; global_colors_info=&#8221;{}&#8221; sticky_enabled=&#8221;0&#8243;][\/et_pb_blurb][\/et_pb_column][et_pb_column type=&#8221;1_3&#8243; _builder_version=&#8221;4.16&#8243; custom_padding=&#8221;|||&#8221; global_colors_info=&#8221;{}&#8221; custom_padding__hover=&#8221;|||&#8221;][et_pb_blurb title=&#8221;Kritini\u0173 lig\u0173 draudimas&#8221; use_icon=&#8221;on&#8221; font_icon=&#8221;&#xf487;||fa||900&#8243; icon_color=&#8221;#2D3D8A&#8221; _builder_version=&#8221;4.20.2&#8243; _module_preset=&#8221;f8f650a5-1d35-4863-9000-9097889064a8&#8243; locked=&#8221;off&#8221; global_colors_info=&#8221;{}&#8221;][\/et_pb_blurb][\/et_pb_column][et_pb_column type=&#8221;1_3&#8243; _builder_version=&#8221;4.16&#8243; custom_padding=&#8221;|||&#8221; global_colors_info=&#8221;{}&#8221; custom_padding__hover=&#8221;|||&#8221;][et_pb_blurb title=&#8221;Gyvyb\u0117s draudimas&#8221; use_icon=&#8221;on&#8221; font_icon=&#8221;&#xf21e;||fa||900&#8243; icon_color=&#8221;#2D3D8A&#8221; _builder_version=&#8221;4.20.2&#8243; _module_preset=&#8221;f8f650a5-1d35-4863-9000-9097889064a8&#8243; locked=&#8221;off&#8221; global_colors_info=&#8221;{}&#8221;][\/et_pb_blurb][\/et_pb_column][\/et_pb_row][et_pb_row column_structure=&#8221;1_3,1_3,1_3&#8243; _builder_version=&#8221;4.16&#8243; global_colors_info=&#8221;{}&#8221;][et_pb_column type=&#8221;1_3&#8243; _builder_version=&#8221;4.16&#8243; custom_padding=&#8221;|||&#8221; global_colors_info=&#8221;{}&#8221; custom_padding__hover=&#8221;|||&#8221;][et_pb_blurb title=&#8221;Pajam\u0173 draudimas&#8221; use_icon=&#8221;on&#8221; font_icon=&#8221;&#xf555;||fa||900&#8243; icon_color=&#8221;#2D3D8A&#8221; _builder_version=&#8221;4.20.2&#8243; _module_preset=&#8221;f8f650a5-1d35-4863-9000-9097889064a8&#8243; global_colors_info=&#8221;{}&#8221;][\/et_pb_blurb][\/et_pb_column][et_pb_column type=&#8221;1_3&#8243; _builder_version=&#8221;4.16&#8243; custom_padding=&#8221;|||&#8221; global_colors_info=&#8221;{}&#8221; custom_padding__hover=&#8221;|||&#8221;][et_pb_blurb title=&#8221;Hipotekos draudimas&#8221; use_icon=&#8221;on&#8221; font_icon=&#8221;&#xf6f1;||fa||900&#8243; icon_color=&#8221;#2D3D8A&#8221; _builder_version=&#8221;4.20.2&#8243; _module_preset=&#8221;f8f650a5-1d35-4863-9000-9097889064a8&#8243; locked=&#8221;off&#8221; global_colors_info=&#8221;{}&#8221;][\/et_pb_blurb][\/et_pb_column][et_pb_column type=&#8221;1_3&#8243; _builder_version=&#8221;4.16&#8243; custom_padding=&#8221;|||&#8221; global_colors_info=&#8221;{}&#8221; custom_padding__hover=&#8221;|||&#8221;][et_pb_blurb title=&#8221;Verslo draudimas&#8221; use_icon=&#8221;on&#8221; font_icon=&#8221;&#xf64a;||fa||900&#8243; icon_color=&#8221;#2D3D8A&#8221; _builder_version=&#8221;4.20.2&#8243; _module_preset=&#8221;f8f650a5-1d35-4863-9000-9097889064a8&#8243; locked=&#8221;off&#8221; global_colors_info=&#8221;{}&#8221;][\/et_pb_blurb][\/et_pb_column][\/et_pb_row][et_pb_row column_structure=&#8221;1_3,1_3,1_3&#8243; _builder_version=&#8221;4.16&#8243; global_colors_info=&#8221;{}&#8221;][et_pb_column type=&#8221;1_3&#8243; _builder_version=&#8221;4.16&#8243; custom_padding=&#8221;|||&#8221; global_colors_info=&#8221;{}&#8221; custom_padding__hover=&#8221;|||&#8221;][et_pb_blurb title=&#8221;Privatus sveikatos draudimas&#8221; use_icon=&#8221;on&#8221; font_icon=&#8221;&#xf0f0;||fa||900&#8243; icon_color=&#8221;#2D3D8A&#8221; _builder_version=&#8221;4.20.2&#8243; _module_preset=&#8221;f8f650a5-1d35-4863-9000-9097889064a8&#8243; global_colors_info=&#8221;{}&#8221;][\/et_pb_blurb][\/et_pb_column][et_pb_column type=&#8221;1_3&#8243; _builder_version=&#8221;4.16&#8243; custom_padding=&#8221;|||&#8221; global_colors_info=&#8221;{}&#8221; custom_padding__hover=&#8221;|||&#8221;][et_pb_blurb title=&#8221;Nuomotojo draudimas&#8221; use_icon=&#8221;on&#8221; font_icon=&#8221;&#xe065;||fa||900&#8243; icon_color=&#8221;#2D3D8A&#8221; _builder_version=&#8221;4.20.2&#8243; _module_preset=&#8221;f8f650a5-1d35-4863-9000-9097889064a8&#8243; locked=&#8221;off&#8221; global_colors_info=&#8221;{}&#8221;][\/et_pb_blurb][\/et_pb_column][et_pb_column type=&#8221;1_3&#8243; _builder_version=&#8221;4.16&#8243; custom_padding=&#8221;|||&#8221; global_colors_info=&#8221;{}&#8221; custom_padding__hover=&#8221;|||&#8221;][et_pb_blurb title=&#8221;Nelaiming\u0173 atsitikim\u0173 draudimas&#8221; use_icon=&#8221;on&#8221; font_icon=&#8221;&#xf5e1;||fa||900&#8243; icon_color=&#8221;#2D3D8A&#8221; _builder_version=&#8221;4.20.2&#8243; _module_preset=&#8221;f8f650a5-1d35-4863-9000-9097889064a8&#8243; locked=&#8221;off&#8221; global_colors_info=&#8221;{}&#8221;][\/et_pb_blurb][\/et_pb_column][\/et_pb_row][et_pb_row _builder_version=&#8221;4.20.2&#8243; _module_preset=&#8221;default&#8221; background_enable_image=&#8221;off&#8221; custom_padding=&#8221;||||false|false&#8221; animation_style=&#8221;zoom&#8221; global_colors_info=&#8221;{}&#8221;][et_pb_column type=&#8221;4_4&#8243; _builder_version=&#8221;4.20.2&#8243; _module_preset=&#8221;default&#8221; global_colors_info=&#8221;{}&#8221;][et_pb_image src=&#8221;https:\/\/weknowhow.uk\/wp-content\/uploads\/2023\/03\/protect-home.jpg&#8221; title_text=&#8221;apsaugoti namus&#8221; _builder_version=&#8221;4.27.4&#8243; _module_preset=&#8221;default&#8221; global_colors_info=&#8221;{}&#8221;][\/et_pb_image][\/et_pb_column][\/et_pb_row][\/et_pb_section][et_pb_section fb_built=&#8221;1&#8243; admin_label=&#8221;Bundles&#8221; _builder_version=&#8221;4.27.4&#8243; background_color=&#8221;#E8ECF8&#8243; background_image=&#8221;https:\/\/weknowhow.uk\/wp-content\/uploads\/2022\/10\/financial-advisor-07.jpg&#8221; custom_padding=&#8221;3px||150px||false|false&#8221; top_divider_style=&#8221;asymmetric3&#8243; top_divider_color=&#8221;#FFFFFF&#8221; top_divider_height=&#8221;350px&#8221; top_divider_repeat=&#8221;1x&#8221; bottom_divider_color=&#8221;#000000&#8243; global_colors_info=&#8221;{}&#8221;][et_pb_row column_structure=&#8221;1_4,3_4&#8243; _builder_version=&#8221;4.20.2&#8243; animation_style=&#8221;zoom&#8221; animation_direction=&#8221;bottom&#8221; global_colors_info=&#8221;{}&#8221;][et_pb_column type=&#8221;1_4&#8243; _builder_version=&#8221;4.16&#8243; custom_padding=&#8221;|||&#8221; global_colors_info=&#8221;{}&#8221; custom_padding__hover=&#8221;|||&#8221;][\/et_pb_column][et_pb_column type=&#8221;3_4&#8243; _builder_version=&#8221;4.20.2&#8243; background_color=&#8221;#FFFFFF&#8221; custom_padding=&#8221;30px|30px|30px|30px|true|true&#8221; border_radii=&#8221;on|20px|20px|20px|20px&#8221; box_shadow_style=&#8221;preset1&#8243; global_colors_info=&#8221;{}&#8221; custom_padding__hover=&#8221;|||&#8221;][et_pb_divider color=&#8221;#006ef4&#8243; divider_weight=&#8221;3px&#8221; _builder_version=&#8221;4.16&#8243; max_width=&#8221;100px&#8221; custom_margin=&#8221;||0px|&#8221; locked=&#8221;off&#8221; global_colors_info=&#8221;{}&#8221;][\/et_pb_divider][et_pb_text _builder_version=&#8221;4.27.6&#8243; text_font=&#8221;|300|||||||&#8221; text_font_size=&#8221;16px&#8221; text_line_height=&#8221;2em&#8221; header_font=&#8221;||||||||&#8221; header_2_font=&#8221;||||||||&#8221; header_2_font_size=&#8221;36px&#8221; header_2_line_height=&#8221;1.4em&#8221; hover_enabled=&#8221;0&#8243; text_font_size_tablet=&#8221;16px&#8221; text_font_size_phone=&#8221;14px&#8221; text_font_size_last_edited=&#8221;on|phone&#8221; header_2_font_size_tablet=&#8221;30px&#8221; header_2_font_size_phone=&#8221;24px&#8221; header_2_font_size_last_edited=&#8221;on|phone&#8221; locked=&#8221;off&#8221; global_colors_info=&#8221;{}&#8221; sticky_enabled=&#8221;0&#8243;]<\/p>\n<p><span style=\"font-weight: 400;\">Mes visi norime \u0161viesios ateities savo artimiesiems. Mes galime pad\u0117ti jums apsaugoti j\u016bs\u0173 ir j\u016bs\u0173 artim\u0173j\u0173 finansin\u0119 ateit\u012f. Ar kada nors pagalvojote, k\u0105 darytum\u0117te, jei rytoj prarastum\u0117te savo pajamas? Kaip i\u0161gyventum\u0117te ir u\u017etikrintum\u0117te, kad j\u016bs\u0173 \u0161eima b\u016bt\u0173 finansi\u0161kai saugi? Pajam\u0173 apsauga tur\u0117t\u0173 b\u016bti laikoma b\u016btina, ypa\u010d jei turite \u0161eim\u0105 ar \u017emoni\u0173, kurie priklauso nuo j\u016bs\u0173 pajam\u0173. Labai svarbu pagalvoti, kaip ateityje apsaugosite savo \u0161eim\u0105 ir finansus.      Galvokite apie rytoj\u0173 jau \u0161iandien! <\/span><\/p>\n<p><span style=\"font-weight: 400;\">Net jei jau esate pagalvoj\u0119 apie savo apsaug\u0105 ir turite sudarytas draudimo sutartis, labai svarbu patikrinti, ar \u0161ios sutartys atitinka j\u016bs\u0173 ir j\u016bs\u0173 \u0161eimos poreikius bei aplinkybes, kuriomis gal\u0117t\u0173 b\u016bti i\u0161mok\u0117ta draudimo i\u0161moka. Svarbu reguliariai per\u017ei\u016br\u0117ti esamas draudimo sutartis, kad \u012fsitikintum\u0117te, jog jos vis dar atitinka j\u016bs\u0173 dabartinius poreikius. <\/span><\/p>\n<p><span style=\"font-weight: 400;\">Mes esame profesional\u0173 komanda, kurios tikslas \u2013 pad\u0117ti \u017emon\u0117ms u\u017etikrinti j\u0173 ateit\u012f. Did\u017eiuojam\u0117s teikdami s\u0105\u017einingas, profesionalias ir ne\u0161ali\u0161kas konsultacijas be joki\u0173 \u012fsipareigojim\u0173. Mes tvirtai tikime individuali\u0173 konsultacij\u0173 verte. Turime licencij\u0105 rekomenduoti puik\u0173 apsaugos produkt\u0173 paket\u0105, prieinam\u0105 Jungtin\u0117s Karalyst\u0117s rinkoje.    Galime konsultuoti d\u0117l pajam\u0173 apsaugos, nelaiming\u0173 atsitikim\u0173 draudimo, gyvyb\u0117s draudimo, kritini\u0173 lig\u0173 draudimo, hipotekos apsaugos, b\u016bsto draudimo, nuomotoj\u0173 draudimo, verslo draudimo bei pusiau profesionali\u0173 sportinink\u0173 draudimo. <\/span><\/p>\n<p><span style=\"font-weight: 400;\">Ar \u017einojote, kad darbdaviai neprivalo mok\u0117ti ligos pa\u0161alpos? Valstybin\u0117 i\u0161moka, vadinama Statutory Sick Pay, yra \u00a3118.75 per savait\u0119 prie\u0161 mokes\u010dius ir mokama tik iki 28 savai\u010di\u0173. O kas po to? Jei prarastum\u0117te savo pajamas d\u0117l nelaimingo atsitikimo ar ligos, b\u016bt\u0173 sunku i\u0161gyventi su tokia suma ir padengti visas kasdienes i\u0161laidas. Pajam\u0173 apsaugos draudimas suteikia neapmokestinamas pakaitines pajamas iki 70 % j\u016bs\u0173 dabartinio bruto atlyginimo. Gyvyb\u0117s draudimas padeda u\u017etikrinti finansin\u012f saugum\u0105 \u017emon\u0117ms, kurie priklauso nuo j\u016bs\u0173, jei j\u016bs mirtum\u0117te. Kritini\u0173 lig\u0173 draudimas i\u0161moka neapmokestinam\u0105 vienkartin\u0119 sum\u0105 diagnozavus tam tikras rimtas ligas, \u012fskaitant: v\u0117\u017e\u012f, insult\u0105, \u0161irdies sm\u016bg\u012f, i\u0161s\u0117tin\u0119 skleroz\u0119, operacijas ir daugel\u012f kit\u0173.      <\/span><\/p>\n<p><span style=\"font-weight: 400;\">Jei turite klausim\u0173, susisiekite su mumis. <\/span><\/p>\n<p><span style=\"font-weight: 400;\">*Visoms hipotekos, pajam\u0173 apsaugos ir draudimo polis\u0117ms naudojame Tavistock Protect, FCA numeris 575993.* <\/span><\/p>\n<p><span style=\"font-weight: 400;\">D\u0117l vis\u0173 klausim\u0173 apie esamas apsaugos polises ir naujas polises susisiekite su Jaroslav Tsukarjov telefonu 07500044332 arba el. pa\u0161tu <\/span><a href=\"mailto:j.tsukarjov@tavistockprotect.com\">j.tsukarjov@tavistockprotect.com<\/a><\/p>\n<p>[\/et_pb_text][et_pb_button button_url=&#8221;@ET-DC@eyJkeW5hbWljIjp0cnVlLCJjb250ZW50IjoicG9zdF9saW5rX3VybF9wYWdlIiwic2V0dGluZ3MiOnsicG9zdF9pZCI6IjM4NSIsImVuYWJsZV9odG1sIjoib2ZmIn19@&#8221; button_text=&#8221;Kontaktai&#8221; _builder_version=&#8221;4.27.6&#8243; _dynamic_attributes=&#8221;button_url&#8221; custom_button=&#8221;on&#8221; button_text_size=&#8221;14px&#8221; button_text_color=&#8221;#ffffff&#8221; button_bg_color=&#8221;#003bde&#8221; button_border_width=&#8221;0px&#8221; button_border_radius=&#8221;4px&#8221; button_letter_spacing=&#8221;1px&#8221; button_font=&#8221;|||on|||||&#8221; background_layout=&#8221;dark&#8221; custom_margin=&#8221;|||&#8221; custom_padding=&#8221;16px|40px|16px|40px|true|true&#8221; hover_enabled=&#8221;0&#8243; button_border_radius_hover=&#8221;4px&#8221; button_letter_spacing_hover=&#8221;1px&#8221; button_bg_color_hover=&#8221;#0053ef&#8221; locked=&#8221;off&#8221; global_colors_info=&#8221;{}&#8221; button_text_size__hover_enabled=&#8221;off&#8221; button_one_text_size__hover_enabled=&#8221;off&#8221; button_two_text_size__hover_enabled=&#8221;off&#8221; button_text_color__hover_enabled=&#8221;off&#8221; button_one_text_color__hover_enabled=&#8221;off&#8221; button_two_text_color__hover_enabled=&#8221;off&#8221; button_border_width__hover_enabled=&#8221;off&#8221; button_one_border_width__hover_enabled=&#8221;off&#8221; button_two_border_width__hover_enabled=&#8221;off&#8221; button_border_color__hover_enabled=&#8221;off&#8221; button_one_border_color__hover_enabled=&#8221;off&#8221; button_two_border_color__hover_enabled=&#8221;off&#8221; button_border_radius__hover_enabled=&#8221;on&#8221; button_border_radius__hover=&#8221;4px&#8221; button_one_border_radius__hover_enabled=&#8221;off&#8221; button_two_border_radius__hover_enabled=&#8221;off&#8221; button_letter_spacing__hover_enabled=&#8221;on&#8221; button_letter_spacing__hover=&#8221;1px&#8221; button_one_letter_spacing__hover_enabled=&#8221;off&#8221; button_two_letter_spacing__hover_enabled=&#8221;off&#8221; button_bg_color__hover_enabled=&#8221;on&#8221; button_bg_color__hover=&#8221;#0053ef&#8221; button_one_bg_color__hover_enabled=&#8221;off&#8221; button_two_bg_color__hover_enabled=&#8221;off&#8221; sticky_enabled=&#8221;0&#8243;][\/et_pb_button][\/et_pb_column][\/et_pb_row][\/et_pb_section]<\/p>\n","protected":false},"excerpt":{"rendered":"<p>Mes visi norime \u0161viesios ateities savo artimiesiems. Mes galime pad\u0117ti jums apsaugoti j\u016bs\u0173 ir j\u016bs\u0173 artim\u0173j\u0173 finansin\u0119 ateit\u012f. Ar kada nors pagalvojote, k\u0105 darytum\u0117te, jei rytoj prarastum\u0117te savo pajamas? Kaip i\u0161gyventum\u0117te ir u\u017etikrintum\u0117te, kad j\u016bs\u0173 \u0161eima b\u016bt\u0173 finansi\u0161kai saugi? Pajam\u0173 apsauga tur\u0117t\u0173 b\u016bti laikoma b\u016btina, ypa\u010d jei turite \u0161eim\u0105 ar \u017emoni\u0173, kurie priklauso nuo j\u016bs\u0173 [&hellip;]<\/p>\n","protected":false},"author":1,"featured_media":0,"parent":0,"menu_order":0,"comment_status":"closed","ping_status":"closed","template":"","meta":{"_et_pb_use_builder":"on","_et_pb_old_content":"","_et_gb_content_width":"","footnotes":""},"class_list":["post-824","page","type-page","status-publish","hentry"],"_links":{"self":[{"href":"https:\/\/weknowhow.uk\/lt\/wp-json\/wp\/v2\/pages\/824","targetHints":{"allow":["GET"]}}],"collection":[{"href":"https:\/\/weknowhow.uk\/lt\/wp-json\/wp\/v2\/pages"}],"about":[{"href":"https:\/\/weknowhow.uk\/lt\/wp-json\/wp\/v2\/types\/page"}],"author":[{"embeddable":true,"href":"https:\/\/weknowhow.uk\/lt\/wp-json\/wp\/v2\/users\/1"}],"replies":[{"embeddable":true,"href":"https:\/\/weknowhow.uk\/lt\/wp-json\/wp\/v2\/comments?post=824"}],"version-history":[{"count":8,"href":"https:\/\/weknowhow.uk\/lt\/wp-json\/wp\/v2\/pages\/824\/revisions"}],"predecessor-version":[{"id":1819,"href":"https:\/\/weknowhow.uk\/lt\/wp-json\/wp\/v2\/pages\/824\/revisions\/1819"}],"wp:attachment":[{"href":"https:\/\/weknowhow.uk\/lt\/wp-json\/wp\/v2\/media?parent=824"}],"curies":[{"name":"wp","href":"https:\/\/api.w.org\/{rel}","templated":true}]}}